{"id":5363,"date":"2023-06-29T23:17:21","date_gmt":"2023-06-29T23:17:21","guid":{"rendered":"https:\/\/villamatilde.org\/rondom\/"},"modified":"2024-01-07T10:27:26","modified_gmt":"2024-01-07T10:27:26","slug":"rondom","status":"publish","type":"page","link":"https:\/\/villamatilde.org\/nl\/rondom\/","title":{"rendered":"Rondom"},"content":{"rendered":"\t\t<div data-elementor-type=\"wp-page\" data-elementor-id=\"5363\" class=\"elementor elementor-5363 elementor-3805\" data-elementor-post-type=\"page\">\n\t\t\t\t\t\t<section class=\"elementor-section elementor-top-section elementor-element elementor-element-d84700b elementor-section-content-bottom elementor-section-boxed elementor-section-height-default elementor-section-height-default\" data-id=\"d84700b\" data-element_type=\"section\" data-e-type=\"section\" data-settings=\"{&quot;background_background&quot;:&quot;classic&quot;,&quot;jet_parallax_layout_list&quot;:[]}\">\n\t\t\t\t\t\t\t<div class=\"elementor-background-overlay\"><\/div>\n\t\t\t\t\t\t\t<div class=\"elementor-container elementor-column-gap-no\">\n\t\t\t\t\t<div class=\"elementor-column elementor-col-100 elementor-top-column elementor-element elementor-element-35d6d2c\" data-id=\"35d6d2c\" data-element_type=\"column\" data-e-type=\"column\">\n\t\t\t<div class=\"elementor-widget-wrap elementor-element-populated\">\n\t\t\t\t\t\t<div class=\"elementor-element elementor-element-2e985f8 elementor-widget elementor-widget-spacer\" data-id=\"2e985f8\" data-element_type=\"widget\" data-e-type=\"widget\" data-widget_type=\"spacer.default\">\n\t\t\t\t<div class=\"elementor-widget-container\">\n\t\t\t\t\t\t\t<div class=\"elementor-spacer\">\n\t\t\t<div class=\"elementor-spacer-inner\"><\/div>\n\t\t<\/div>\n\t\t\t\t\t\t<\/div>\n\t\t\t\t<\/div>\n\t\t\t\t<div class=\"elementor-element elementor-element-8e89c32 elementor-invisible elementor-widget elementor-widget-heading\" data-id=\"8e89c32\" data-element_type=\"widget\" data-e-type=\"widget\" data-settings=\"{&quot;_animation&quot;:&quot;fadeInUp&quot;}\" data-widget_type=\"heading.default\">\n\t\t\t\t<div class=\"elementor-widget-container\">\n\t\t\t\t\t<h1 class=\"elementor-heading-title elementor-size-default\">Rondom<\/h1>\t\t\t\t<\/div>\n\t\t\t\t<\/div>\n\t\t\t\t\t<\/div>\n\t\t<\/div>\n\t\t\t\t\t<\/div>\n\t\t<\/section>\n\t\t\t\t<section class=\"elementor-section elementor-top-section elementor-element elementor-element-8955187 elementor-section-boxed elementor-section-height-default elementor-section-height-default\" data-id=\"8955187\" data-element_type=\"section\" data-e-type=\"section\" data-settings=\"{&quot;jet_parallax_layout_list&quot;:[]}\">\n\t\t\t\t\t\t<div class=\"elementor-container elementor-column-gap-default\">\n\t\t\t\t\t<div class=\"elementor-column elementor-col-50 elementor-top-column elementor-element elementor-element-2a43c92\" data-id=\"2a43c92\" data-element_type=\"column\" data-e-type=\"column\" data-settings=\"{&quot;background_background&quot;:&quot;classic&quot;}\">\n\t\t\t<div class=\"elementor-widget-wrap elementor-element-populated\">\n\t\t\t\t\t\t<div class=\"elementor-element elementor-element-89917c5 elementor-widget elementor-widget-spacer\" data-id=\"89917c5\" data-element_type=\"widget\" data-e-type=\"widget\" data-widget_type=\"spacer.default\">\n\t\t\t\t<div class=\"elementor-widget-container\">\n\t\t\t\t\t\t\t<div class=\"elementor-spacer\">\n\t\t\t<div class=\"elementor-spacer-inner\"><\/div>\n\t\t<\/div>\n\t\t\t\t\t\t<\/div>\n\t\t\t\t<\/div>\n\t\t\t\t\t<\/div>\n\t\t<\/div>\n\t\t\t\t<div class=\"elementor-column elementor-col-50 elementor-top-column elementor-element elementor-element-eaa2ec9\" data-id=\"eaa2ec9\" data-element_type=\"column\" data-e-type=\"column\" data-settings=\"{&quot;background_background&quot;:&quot;classic&quot;}\">\n\t\t\t<div class=\"elementor-widget-wrap elementor-element-populated\">\n\t\t\t\t\t\t<div class=\"elementor-element elementor-element-09bb678 elementor-widget elementor-widget-heading\" data-id=\"09bb678\" data-element_type=\"widget\" data-e-type=\"widget\" data-widget_type=\"heading.default\">\n\t\t\t\t<div class=\"elementor-widget-container\">\n\t\t\t\t\t<h2 class=\"elementor-heading-title elementor-size-default\">We bevinden ons midden in Sierra Morena<\/h2>\t\t\t\t<\/div>\n\t\t\t\t<\/div>\n\t\t\t\t<div class=\"elementor-element elementor-element-6968305 elementor-widget elementor-widget-text-editor\" data-id=\"6968305\" data-element_type=\"widget\" data-e-type=\"widget\" data-widget_type=\"text-editor.default\">\n\t\t\t\t<div class=\"elementor-widget-container\">\n\t\t\t\t\t\t\t\t\t<p>Villa Matilde ligt ten noorden van de gemeente And\u00fajar, in de provincie Ja\u00e9n. Het ligt in het hart van Sierra Morena, een bergketen die van oost naar west loopt en Andalusi\u00eb scheidt van de rest van Spanje.<\/p><p>De omgeving biedt spectaculaire natuur. Er zijn ook plaatsen van cultureel en architectonisch belang in de buurt. De oude stad And\u00fajar met kerken en monumenten met barokke architectuur heeft een middeleeuwse sfeer. Andere belangrijke steden en dorpen in Andalusi\u00eb die een bezoek waard zijn en niet ver van Villa Matilde liggen zijn Ba\u00f1os de la Encina, \u00dabeda, Baeza, Ja\u00e9n, C\u00f3rdoba, Granada en Sevilla.<\/p>\t\t\t\t\t\t\t\t<\/div>\n\t\t\t\t<\/div>\n\t\t\t\t\t<\/div>\n\t\t<\/div>\n\t\t\t\t\t<\/div>\n\t\t<\/section>\n\t\t\t\t<section class=\"elementor-section elementor-top-section elementor-element elementor-element-54593e8 elementor-section-boxed elementor-section-height-default elementor-section-height-default\" data-id=\"54593e8\" data-element_type=\"section\" data-e-type=\"section\" data-settings=\"{&quot;jet_parallax_layout_list&quot;:[]}\">\n\t\t\t\t\t\t<div class=\"elementor-container elementor-column-gap-default\">\n\t\t\t\t\t<div class=\"elementor-column elementor-col-100 elementor-top-column elementor-element elementor-element-48320ca\" data-id=\"48320ca\" data-element_type=\"column\" data-e-type=\"column\">\n\t\t\t<div class=\"elementor-widget-wrap elementor-element-populated\">\n\t\t\t\t\t\t<div class=\"elementor-element elementor-element-1d2636b elementor-widget elementor-widget-text-editor\" data-id=\"1d2636b\" data-element_type=\"widget\" data-e-type=\"widget\" data-widget_type=\"text-editor.default\">\n\t\t\t\t<div class=\"elementor-widget-container\">\n\t\t\t\t\t\t\t\t\t<p>Klik <a href=\"https:\/\/www.youtube.com\/watch?v=-07OMEHk6bQ\" rel=\"nofollow noopener\" target=\"_blank\">hier<\/a> om beelden van de omgeving van Villa Matilde te bekijken, gemaakt met een drone.<\/p>\t\t\t\t\t\t\t\t<\/div>\n\t\t\t\t<\/div>\n\t\t\t\t\t<\/div>\n\t\t<\/div>\n\t\t\t\t\t<\/div>\n\t\t<\/section>\n\t\t\t\t<section class=\"elementor-section elementor-top-section elementor-element elementor-element-74f68d5 elementor-section-boxed elementor-section-height-default elementor-section-height-default\" data-id=\"74f68d5\" data-element_type=\"section\" data-e-type=\"section\" data-settings=\"{&quot;jet_parallax_layout_list&quot;:[]}\">\n\t\t\t\t\t\t<div class=\"elementor-container elementor-column-gap-default\">\n\t\t\t\t\t<div class=\"elementor-column elementor-col-50 elementor-top-column elementor-element elementor-element-44a2494\" data-id=\"44a2494\" data-element_type=\"column\" data-e-type=\"column\" data-settings=\"{&quot;background_background&quot;:&quot;classic&quot;}\">\n\t\t\t<div class=\"elementor-widget-wrap elementor-element-populated\">\n\t\t\t\t\t\t<div class=\"elementor-element elementor-element-dc86312 elementor-widget elementor-widget-heading\" data-id=\"dc86312\" data-element_type=\"widget\" data-e-type=\"widget\" data-widget_type=\"heading.default\">\n\t\t\t\t<div class=\"elementor-widget-container\">\n\t\t\t\t\t<h2 class=\"elementor-heading-title elementor-size-default\">Aan de poorten van het natuurpark<\/h2>\t\t\t\t<\/div>\n\t\t\t\t<\/div>\n\t\t\t\t<div class=\"elementor-element elementor-element-9f8da1f elementor-widget elementor-widget-text-editor\" data-id=\"9f8da1f\" data-element_type=\"widget\" data-e-type=\"widget\" data-widget_type=\"text-editor.default\">\n\t\t\t\t<div class=\"elementor-widget-container\">\n\t\t\t\t\t\t\t\t\t<p class=\"MsoNormal\"><span lang=\"NL\" style=\"font-size: 14.0pt; line-height: 107%; color: black; mso-themecolor: text1; mso-ansi-language: NL;\">Het natuurpark Sierra de And\u00fajar, ten noordwesten van de provincie Ja\u00e9n, maakt deel uit van Sierra Morena. In het park bevinden zich verschillende recreatiegebieden en twee grote stuwmeren. Er zijn uitgestrekte mediterrane bossen met struiken en aromatische planten zoals rozemarijn, mastiekstruik, mirte, kuiflavendel, cistusroos en thijm. Daarnaast zijn er talloze steeneik-, denne- en kurkeikbossen en aardbeibomen. De fauna is zeer uitgebreid met de Iberische lynx, edelhertn, wilde zwijn, damhert en diverse roofvogels, zoals de Spaanse keizerarend en de monniksgier. <\/span><\/p><p>\u00a0<\/p><p class=\"MsoNormal\"><span lang=\"NL\" style=\"font-size: 14.0pt; line-height: 107%; color: black; mso-themecolor: text1; mso-ansi-language: NL;\">In de bergen kun je heerlijk wandelen en fietsen.<\/span><\/p>\t\t\t\t\t\t\t\t<\/div>\n\t\t\t\t<\/div>\n\t\t\t\t\t<\/div>\n\t\t<\/div>\n\t\t\t\t<div class=\"elementor-column elementor-col-50 elementor-top-column elementor-element elementor-element-f741862\" data-id=\"f741862\" data-element_type=\"column\" data-e-type=\"column\" data-settings=\"{&quot;background_background&quot;:&quot;classic&quot;}\">\n\t\t\t<div class=\"elementor-widget-wrap elementor-element-populated\">\n\t\t\t\t\t\t<div class=\"elementor-element elementor-element-f6d07e3 elementor-widget elementor-widget-spacer\" data-id=\"f6d07e3\" data-element_type=\"widget\" data-e-type=\"widget\" data-widget_type=\"spacer.default\">\n\t\t\t\t<div class=\"elementor-widget-container\">\n\t\t\t\t\t\t\t<div class=\"elementor-spacer\">\n\t\t\t<div class=\"elementor-spacer-inner\"><\/div>\n\t\t<\/div>\n\t\t\t\t\t\t<\/div>\n\t\t\t\t<\/div>\n\t\t\t\t\t<\/div>\n\t\t<\/div>\n\t\t\t\t\t<\/div>\n\t\t<\/section>\n\t\t\t\t<section class=\"elementor-section elementor-top-section elementor-element elementor-element-f4efb72 elementor-section-boxed elementor-section-height-default elementor-section-height-default\" data-id=\"f4efb72\" data-element_type=\"section\" data-e-type=\"section\" data-settings=\"{&quot;jet_parallax_layout_list&quot;:[],&quot;background_background&quot;:&quot;classic&quot;,&quot;shape_divider_top&quot;:&quot;mountains&quot;}\">\n\t\t\t\t\t<div class=\"elementor-shape elementor-shape-top\" aria-hidden=\"true\" data-negative=\"false\">\n\t\t\t<svg xmlns=\"http:\/\/www.w3.org\/2000\/svg\" viewBox=\"0 0 1000 100\" preserveAspectRatio=\"none\">\n\t<path class=\"elementor-shape-fill\" opacity=\"0.33\" d=\"M473,67.3c-203.9,88.3-263.1-34-320.3,0C66,119.1,0,59.7,0,59.7V0h1000v59.7 c0,0-62.1,26.1-94.9,29.3c-32.8,3.3-62.8-12.3-75.8-22.1C806,49.6,745.3,8.7,694.9,4.7S492.4,59,473,67.3z\"\/>\n\t<path class=\"elementor-shape-fill\" opacity=\"0.66\" d=\"M734,67.3c-45.5,0-77.2-23.2-129.1-39.1c-28.6-8.7-150.3-10.1-254,39.1 s-91.7-34.4-149.2,0C115.7,118.3,0,39.8,0,39.8V0h1000v36.5c0,0-28.2-18.5-92.1-18.5C810.2,18.1,775.7,67.3,734,67.3z\"\/>\n\t<path class=\"elementor-shape-fill\" d=\"M766.1,28.9c-200-57.5-266,65.5-395.1,19.5C242,1.8,242,5.4,184.8,20.6C128,35.8,132.3,44.9,89.9,52.5C28.6,63.7,0,0,0,0 h1000c0,0-9.9,40.9-83.6,48.1S829.6,47,766.1,28.9z\"\/>\n<\/svg>\t\t<\/div>\n\t\t\t\t\t<div class=\"elementor-container elementor-column-gap-default\">\n\t\t\t\t\t<div class=\"elementor-column elementor-col-50 elementor-top-column elementor-element elementor-element-c545e55\" data-id=\"c545e55\" data-element_type=\"column\" data-e-type=\"column\">\n\t\t\t<div class=\"elementor-widget-wrap elementor-element-populated\">\n\t\t\t\t\t\t<div class=\"elementor-element elementor-element-96e3182 elementor-widget elementor-widget-image\" data-id=\"96e3182\" data-element_type=\"widget\" data-e-type=\"widget\" data-widget_type=\"image.default\">\n\t\t\t\t<div class=\"elementor-widget-container\">\n\t\t\t\t\t\t\t\t\t\t\t\t\t\t\t<img fetchpriority=\"high\" decoding=\"async\" width=\"800\" height=\"600\" src=\"https:\/\/villamatilde.org\/wp-content\/uploads\/2023\/09\/santuarios.jpg\" class=\"attachment-large size-large wp-image-5270\" alt=\"\" srcset=\"https:\/\/villamatilde.org\/wp-content\/uploads\/2023\/09\/santuarios.jpg 800w, https:\/\/villamatilde.org\/wp-content\/uploads\/2023\/09\/santuarios-300x225.jpg 300w, https:\/\/villamatilde.org\/wp-content\/uploads\/2023\/09\/santuarios-400x300.jpg 400w, https:\/\/villamatilde.org\/wp-content\/uploads\/2023\/09\/santuarios-768x576.jpg 768w\" sizes=\"(max-width: 800px) 100vw, 800px\" \/>\t\t\t\t\t\t\t\t\t\t\t\t\t\t\t<\/div>\n\t\t\t\t<\/div>\n\t\t\t\t\t<\/div>\n\t\t<\/div>\n\t\t\t\t<div class=\"elementor-column elementor-col-50 elementor-top-column elementor-element elementor-element-76c3387\" data-id=\"76c3387\" data-element_type=\"column\" data-e-type=\"column\">\n\t\t\t<div class=\"elementor-widget-wrap elementor-element-populated\">\n\t\t\t\t\t\t<div class=\"elementor-element elementor-element-430479a elementor-widget elementor-widget-text-editor\" data-id=\"430479a\" data-element_type=\"widget\" data-e-type=\"widget\" data-widget_type=\"text-editor.default\">\n\t\t\t\t<div class=\"elementor-widget-container\">\n\t\t\t\t\t\t\t\t\t<p>Voor wie van eeuwenoude verhalen houdt, is er veel te ontdekken in de omgeving van Villa Matilde. In de Sierra de And\u00fajar verscheen de maagd Virgen de La Cabeza volgens mondelinge overlevering in het jaar 1227 aan een herder uit Colomera (Granada). Vanaf deze datum wordt er elk jaar in april de bedevaart van La Virgen de La Cabeza gevierd. De cultus van deze maagd is benadrukt door schrijvers als Miguel de Cervantes, Lope de Vega Carpio en Calder\u00f3n de la Barca.<\/p><p>Villa Matilde heeft ook een rol gespeeld in de burgeroorlog. De schietgaten in een van de muren van de villa getuigen hiervan.<\/p>\t\t\t\t\t\t\t\t<\/div>\n\t\t\t\t<\/div>\n\t\t\t\t\t<\/div>\n\t\t<\/div>\n\t\t\t\t\t<\/div>\n\t\t<\/section>\n\t\t\t\t<\/div>\n\t\t","protected":false},"excerpt":{"rendered":"<p>Rondom We bevinden ons midden in Sierra Morena Villa Matilde ligt ten noorden van de gemeente And\u00fajar, in de provincie Ja\u00e9n. Het ligt in het hart van Sierra Morena, een bergketen die van oost naar west loopt en Andalusi\u00eb scheidt van de rest van Spanje. De omgeving biedt spectaculaire natuur. Er zijn ook plaatsen van [&hellip;]<\/p>\n","protected":false},"author":3,"featured_media":0,"parent":0,"menu_order":0,"comment_status":"closed","ping_status":"closed","template":"elementor_header_footer","meta":{"footnotes":""},"class_list":["post-5363","page","type-page","status-publish","hentry"],"_links":{"self":[{"href":"https:\/\/villamatilde.org\/nl\/wp-json\/wp\/v2\/pages\/5363","targetHints":{"allow":["GET"]}}],"collection":[{"href":"https:\/\/villamatilde.org\/nl\/wp-json\/wp\/v2\/pages"}],"about":[{"href":"https:\/\/villamatilde.org\/nl\/wp-json\/wp\/v2\/types\/page"}],"author":[{"embeddable":true,"href":"https:\/\/villamatilde.org\/nl\/wp-json\/wp\/v2\/users\/3"}],"replies":[{"embeddable":true,"href":"https:\/\/villamatilde.org\/nl\/wp-json\/wp\/v2\/comments?post=5363"}],"version-history":[{"count":9,"href":"https:\/\/villamatilde.org\/nl\/wp-json\/wp\/v2\/pages\/5363\/revisions"}],"predecessor-version":[{"id":5627,"href":"https:\/\/villamatilde.org\/nl\/wp-json\/wp\/v2\/pages\/5363\/revisions\/5627"}],"wp:attachment":[{"href":"https:\/\/villamatilde.org\/nl\/wp-json\/wp\/v2\/media?parent=5363"}],"curies":[{"name":"wp","href":"https:\/\/api.w.org\/{rel}","templated":true}]}}