{"id":5359,"date":"2023-06-29T23:17:21","date_gmt":"2023-06-29T23:17:21","guid":{"rendered":"https:\/\/villamatilde.org\/autour\/"},"modified":"2024-01-07T09:57:37","modified_gmt":"2024-01-07T09:57:37","slug":"autour","status":"publish","type":"page","link":"https:\/\/villamatilde.org\/fr\/autour\/","title":{"rendered":"Autour"},"content":{"rendered":"\t\t<div data-elementor-type=\"wp-page\" data-elementor-id=\"5359\" class=\"elementor elementor-5359 elementor-3805\" data-elementor-post-type=\"page\">\n\t\t\t\t\t\t<section class=\"elementor-section elementor-top-section elementor-element elementor-element-d84700b elementor-section-content-bottom elementor-section-boxed elementor-section-height-default elementor-section-height-default\" data-id=\"d84700b\" data-element_type=\"section\" data-e-type=\"section\" data-settings=\"{&quot;background_background&quot;:&quot;classic&quot;,&quot;jet_parallax_layout_list&quot;:[]}\">\n\t\t\t\t\t\t\t<div class=\"elementor-background-overlay\"><\/div>\n\t\t\t\t\t\t\t<div class=\"elementor-container elementor-column-gap-no\">\n\t\t\t\t\t<div class=\"elementor-column elementor-col-100 elementor-top-column elementor-element elementor-element-35d6d2c\" data-id=\"35d6d2c\" data-element_type=\"column\" data-e-type=\"column\">\n\t\t\t<div class=\"elementor-widget-wrap elementor-element-populated\">\n\t\t\t\t\t\t<div class=\"elementor-element elementor-element-2e985f8 elementor-widget elementor-widget-spacer\" data-id=\"2e985f8\" data-element_type=\"widget\" data-e-type=\"widget\" data-widget_type=\"spacer.default\">\n\t\t\t\t<div class=\"elementor-widget-container\">\n\t\t\t\t\t\t\t<div class=\"elementor-spacer\">\n\t\t\t<div class=\"elementor-spacer-inner\"><\/div>\n\t\t<\/div>\n\t\t\t\t\t\t<\/div>\n\t\t\t\t<\/div>\n\t\t\t\t<div class=\"elementor-element elementor-element-8e89c32 elementor-invisible elementor-widget elementor-widget-heading\" data-id=\"8e89c32\" data-element_type=\"widget\" data-e-type=\"widget\" data-settings=\"{&quot;_animation&quot;:&quot;fadeInUp&quot;}\" data-widget_type=\"heading.default\">\n\t\t\t\t<div class=\"elementor-widget-container\">\n\t\t\t\t\t<h1 class=\"elementor-heading-title elementor-size-default\">Autour<\/h1>\t\t\t\t<\/div>\n\t\t\t\t<\/div>\n\t\t\t\t\t<\/div>\n\t\t<\/div>\n\t\t\t\t\t<\/div>\n\t\t<\/section>\n\t\t\t\t<section class=\"elementor-section elementor-top-section elementor-element elementor-element-8955187 elementor-section-boxed elementor-section-height-default elementor-section-height-default\" data-id=\"8955187\" data-element_type=\"section\" data-e-type=\"section\" data-settings=\"{&quot;jet_parallax_layout_list&quot;:[]}\">\n\t\t\t\t\t\t<div class=\"elementor-container elementor-column-gap-default\">\n\t\t\t\t\t<div class=\"elementor-column elementor-col-50 elementor-top-column elementor-element elementor-element-2a43c92\" data-id=\"2a43c92\" data-element_type=\"column\" data-e-type=\"column\" data-settings=\"{&quot;background_background&quot;:&quot;classic&quot;}\">\n\t\t\t<div class=\"elementor-widget-wrap elementor-element-populated\">\n\t\t\t\t\t\t<div class=\"elementor-element elementor-element-89917c5 elementor-widget elementor-widget-spacer\" data-id=\"89917c5\" data-element_type=\"widget\" data-e-type=\"widget\" data-widget_type=\"spacer.default\">\n\t\t\t\t<div class=\"elementor-widget-container\">\n\t\t\t\t\t\t\t<div class=\"elementor-spacer\">\n\t\t\t<div class=\"elementor-spacer-inner\"><\/div>\n\t\t<\/div>\n\t\t\t\t\t\t<\/div>\n\t\t\t\t<\/div>\n\t\t\t\t\t<\/div>\n\t\t<\/div>\n\t\t\t\t<div class=\"elementor-column elementor-col-50 elementor-top-column elementor-element elementor-element-eaa2ec9\" data-id=\"eaa2ec9\" data-element_type=\"column\" data-e-type=\"column\" data-settings=\"{&quot;background_background&quot;:&quot;classic&quot;}\">\n\t\t\t<div class=\"elementor-widget-wrap elementor-element-populated\">\n\t\t\t\t\t\t<div class=\"elementor-element elementor-element-09bb678 elementor-widget elementor-widget-heading\" data-id=\"09bb678\" data-element_type=\"widget\" data-e-type=\"widget\" data-widget_type=\"heading.default\">\n\t\t\t\t<div class=\"elementor-widget-container\">\n\t\t\t\t\t<h2 class=\"elementor-heading-title elementor-size-default\">La Sierra Morena<\/h2>\t\t\t\t<\/div>\n\t\t\t\t<\/div>\n\t\t\t\t<div class=\"elementor-element elementor-element-6968305 elementor-widget elementor-widget-text-editor\" data-id=\"6968305\" data-element_type=\"widget\" data-e-type=\"widget\" data-widget_type=\"text-editor.default\">\n\t\t\t\t<div class=\"elementor-widget-container\">\n\t\t\t\t\t\t\t\t\t<p>Villa Matilde est situ\u00e9e au nord de la municipalit\u00e9 d&rsquo;And\u00fajar, dans la province de Ja\u00e9n. Elle se trouve au c\u0153ur de la Sierra Morena, une cha\u00eene de montagnes qui s&rsquo;\u00e9tend d&rsquo;est en ouest et s\u00e9pare l&rsquo;Andalousie du reste de l&rsquo;Espagne.<\/p><p>Les environs offrent une nature spectaculaire. Il existe \u00e9galement des lieux d&rsquo;int\u00e9r\u00eat culturel et architectural \u00e0 proximit\u00e9. La vieille ville d&rsquo;And\u00fajar, avec ses \u00e9glises et ses monuments d&rsquo;architecture baroque, a un air m\u00e9di\u00e9val. D&rsquo;autres villes et villages importants d&rsquo;Andalousie qui m\u00e9ritent une visite et qui se trouvent non loin de Villa Matilde sont Ba\u00f1os de la Encina, \u00dabeda, Baeza, Ja\u00e9n, Cordoue, Grenade et S\u00e9ville.<\/p>\t\t\t\t\t\t\t\t<\/div>\n\t\t\t\t<\/div>\n\t\t\t\t\t<\/div>\n\t\t<\/div>\n\t\t\t\t\t<\/div>\n\t\t<\/section>\n\t\t\t\t<section class=\"elementor-section elementor-top-section elementor-element elementor-element-54593e8 elementor-section-boxed elementor-section-height-default elementor-section-height-default\" data-id=\"54593e8\" data-element_type=\"section\" data-e-type=\"section\" data-settings=\"{&quot;jet_parallax_layout_list&quot;:[]}\">\n\t\t\t\t\t\t<div class=\"elementor-container elementor-column-gap-default\">\n\t\t\t\t\t<div class=\"elementor-column elementor-col-100 elementor-top-column elementor-element elementor-element-48320ca\" data-id=\"48320ca\" data-element_type=\"column\" data-e-type=\"column\">\n\t\t\t<div class=\"elementor-widget-wrap elementor-element-populated\">\n\t\t\t\t\t\t<div class=\"elementor-element elementor-element-1d2636b elementor-widget elementor-widget-text-editor\" data-id=\"1d2636b\" data-element_type=\"widget\" data-e-type=\"widget\" data-widget_type=\"text-editor.default\">\n\t\t\t\t<div class=\"elementor-widget-container\">\n\t\t\t\t\t\t\t\t\t<p>Cliquez <a href=\"https:\/\/www.youtube.com\/watch?v=-07OMEHk6bQ\" target=\"_blank\" rel=\"noopener nofollow\">ici <\/a>pour voir des images des environs de la Villa Matilde prises avec un drone.<\/p>\t\t\t\t\t\t\t\t<\/div>\n\t\t\t\t<\/div>\n\t\t\t\t\t<\/div>\n\t\t<\/div>\n\t\t\t\t\t<\/div>\n\t\t<\/section>\n\t\t\t\t<section class=\"elementor-section elementor-top-section elementor-element elementor-element-74f68d5 elementor-section-boxed elementor-section-height-default elementor-section-height-default\" data-id=\"74f68d5\" data-element_type=\"section\" data-e-type=\"section\" data-settings=\"{&quot;jet_parallax_layout_list&quot;:[]}\">\n\t\t\t\t\t\t<div class=\"elementor-container elementor-column-gap-default\">\n\t\t\t\t\t<div class=\"elementor-column elementor-col-50 elementor-top-column elementor-element elementor-element-44a2494\" data-id=\"44a2494\" data-element_type=\"column\" data-e-type=\"column\" data-settings=\"{&quot;background_background&quot;:&quot;classic&quot;}\">\n\t\t\t<div class=\"elementor-widget-wrap elementor-element-populated\">\n\t\t\t\t\t\t<div class=\"elementor-element elementor-element-dc86312 elementor-widget elementor-widget-heading\" data-id=\"dc86312\" data-element_type=\"widget\" data-e-type=\"widget\" data-widget_type=\"heading.default\">\n\t\t\t\t<div class=\"elementor-widget-container\">\n\t\t\t\t\t<h2 class=\"elementor-heading-title elementor-size-default\">Aux portes du Parc Naturel<\/h2>\t\t\t\t<\/div>\n\t\t\t\t<\/div>\n\t\t\t\t<div class=\"elementor-element elementor-element-9f8da1f elementor-widget elementor-widget-text-editor\" data-id=\"9f8da1f\" data-element_type=\"widget\" data-e-type=\"widget\" data-widget_type=\"text-editor.default\">\n\t\t\t\t<div class=\"elementor-widget-container\">\n\t\t\t\t\t\t\t\t\t<p>Le parc naturel de la Sierra de And\u00fajar, au nord-ouest de la province de Ja\u00e9n, et fait partie de la Sierra Morena. Dans le parc il y a plusieurs zones de loisirs et deux grands r\u00e9servoirs. On y trouve de vastes p\u00e2turages et une for\u00eat m\u00e9diterran\u00e9enne avec des arbustes et des plantes aromatiques comme le romarin, le myrte, la lavande espagnole, le ciste et le thym. Il existe \u00e9galement d&rsquo;innombrables for\u00eats de ch\u00eanes verts, de pins, de ch\u00eanes-li\u00e8ges et d&rsquo;arbousiers. La faune est \u00e9tendue avec ses lynx, cerfs, sangliers, bouquetins Ib\u00e9riques et divers rapaces, comme l&rsquo;aigle imp\u00e9rial Ib\u00e9rique et le vautour moine. Dans les montagnes, vous pourrez faire de la randonn\u00e9e et du v\u00e9lo.<\/p>\t\t\t\t\t\t\t\t<\/div>\n\t\t\t\t<\/div>\n\t\t\t\t\t<\/div>\n\t\t<\/div>\n\t\t\t\t<div class=\"elementor-column elementor-col-50 elementor-top-column elementor-element elementor-element-f741862\" data-id=\"f741862\" data-element_type=\"column\" data-e-type=\"column\" data-settings=\"{&quot;background_background&quot;:&quot;classic&quot;}\">\n\t\t\t<div class=\"elementor-widget-wrap elementor-element-populated\">\n\t\t\t\t\t\t<div class=\"elementor-element elementor-element-f6d07e3 elementor-widget elementor-widget-spacer\" data-id=\"f6d07e3\" data-element_type=\"widget\" data-e-type=\"widget\" data-widget_type=\"spacer.default\">\n\t\t\t\t<div class=\"elementor-widget-container\">\n\t\t\t\t\t\t\t<div class=\"elementor-spacer\">\n\t\t\t<div class=\"elementor-spacer-inner\"><\/div>\n\t\t<\/div>\n\t\t\t\t\t\t<\/div>\n\t\t\t\t<\/div>\n\t\t\t\t\t<\/div>\n\t\t<\/div>\n\t\t\t\t\t<\/div>\n\t\t<\/section>\n\t\t\t\t<section class=\"elementor-section elementor-top-section elementor-element elementor-element-f4efb72 elementor-section-boxed elementor-section-height-default elementor-section-height-default\" data-id=\"f4efb72\" data-element_type=\"section\" data-e-type=\"section\" data-settings=\"{&quot;jet_parallax_layout_list&quot;:[],&quot;background_background&quot;:&quot;classic&quot;,&quot;shape_divider_top&quot;:&quot;mountains&quot;}\">\n\t\t\t\t\t<div class=\"elementor-shape elementor-shape-top\" aria-hidden=\"true\" data-negative=\"false\">\n\t\t\t<svg xmlns=\"http:\/\/www.w3.org\/2000\/svg\" viewBox=\"0 0 1000 100\" preserveAspectRatio=\"none\">\n\t<path class=\"elementor-shape-fill\" opacity=\"0.33\" d=\"M473,67.3c-203.9,88.3-263.1-34-320.3,0C66,119.1,0,59.7,0,59.7V0h1000v59.7 c0,0-62.1,26.1-94.9,29.3c-32.8,3.3-62.8-12.3-75.8-22.1C806,49.6,745.3,8.7,694.9,4.7S492.4,59,473,67.3z\"\/>\n\t<path class=\"elementor-shape-fill\" opacity=\"0.66\" d=\"M734,67.3c-45.5,0-77.2-23.2-129.1-39.1c-28.6-8.7-150.3-10.1-254,39.1 s-91.7-34.4-149.2,0C115.7,118.3,0,39.8,0,39.8V0h1000v36.5c0,0-28.2-18.5-92.1-18.5C810.2,18.1,775.7,67.3,734,67.3z\"\/>\n\t<path class=\"elementor-shape-fill\" d=\"M766.1,28.9c-200-57.5-266,65.5-395.1,19.5C242,1.8,242,5.4,184.8,20.6C128,35.8,132.3,44.9,89.9,52.5C28.6,63.7,0,0,0,0 h1000c0,0-9.9,40.9-83.6,48.1S829.6,47,766.1,28.9z\"\/>\n<\/svg>\t\t<\/div>\n\t\t\t\t\t<div class=\"elementor-container elementor-column-gap-default\">\n\t\t\t\t\t<div class=\"elementor-column elementor-col-50 elementor-top-column elementor-element elementor-element-c545e55\" data-id=\"c545e55\" data-element_type=\"column\" data-e-type=\"column\">\n\t\t\t<div class=\"elementor-widget-wrap elementor-element-populated\">\n\t\t\t\t\t\t<div class=\"elementor-element elementor-element-96e3182 elementor-widget elementor-widget-image\" data-id=\"96e3182\" data-element_type=\"widget\" data-e-type=\"widget\" data-widget_type=\"image.default\">\n\t\t\t\t<div class=\"elementor-widget-container\">\n\t\t\t\t\t\t\t\t\t\t\t\t\t\t\t<img fetchpriority=\"high\" decoding=\"async\" width=\"800\" height=\"600\" src=\"https:\/\/villamatilde.org\/wp-content\/uploads\/2023\/09\/santuarios.jpg\" class=\"attachment-large size-large wp-image-5272\" alt=\"\" srcset=\"https:\/\/villamatilde.org\/wp-content\/uploads\/2023\/09\/santuarios.jpg 800w, https:\/\/villamatilde.org\/wp-content\/uploads\/2023\/09\/santuarios-300x225.jpg 300w, https:\/\/villamatilde.org\/wp-content\/uploads\/2023\/09\/santuarios-400x300.jpg 400w, https:\/\/villamatilde.org\/wp-content\/uploads\/2023\/09\/santuarios-768x576.jpg 768w\" sizes=\"(max-width: 800px) 100vw, 800px\" \/>\t\t\t\t\t\t\t\t\t\t\t\t\t\t\t<\/div>\n\t\t\t\t<\/div>\n\t\t\t\t\t<\/div>\n\t\t<\/div>\n\t\t\t\t<div class=\"elementor-column elementor-col-50 elementor-top-column elementor-element elementor-element-76c3387\" data-id=\"76c3387\" data-element_type=\"column\" data-e-type=\"column\">\n\t\t\t<div class=\"elementor-widget-wrap elementor-element-populated\">\n\t\t\t\t\t\t<div class=\"elementor-element elementor-element-430479a elementor-widget elementor-widget-text-editor\" data-id=\"430479a\" data-element_type=\"widget\" data-e-type=\"widget\" data-widget_type=\"text-editor.default\">\n\t\t\t\t<div class=\"elementor-widget-container\">\n\t\t\t\t\t\t\t\t\t<p>Pour ceux qui aiment les histoires anciennes, il y a beaucoup \u00e0 d\u00e9couvrir dans les environs de la Villa Matilde. Dans la Sierra de And\u00fajar, selon la tradition orale, la Vierge de La Cabeza appara\u00eet \u00e0 un berger de Colomera (Grenade) en 1227. \u00c0 partir de cette date, le p\u00e8lerinage de La Virgen de La Cabeza est c\u00e9l\u00e9br\u00e9 chaque ann\u00e9e en avril. au Sanctuaire. Le culte de cette vierge a \u00e9t\u00e9 soulign\u00e9 par des \u00e9crivains tels que Miguel de Cervantes, Lope de Vega Carpio et Calder\u00f3n de la Barca.<\/p><p>La Villa Matilde a \u00e9galement jou\u00e9 un r\u00f4le dans la guerre civile. Les meurtri\u00e8res d&rsquo;un des murs de la villa en t\u00e9moignent.<\/p>\t\t\t\t\t\t\t\t<\/div>\n\t\t\t\t<\/div>\n\t\t\t\t\t<\/div>\n\t\t<\/div>\n\t\t\t\t\t<\/div>\n\t\t<\/section>\n\t\t\t\t<\/div>\n\t\t","protected":false},"excerpt":{"rendered":"<p>Autour La Sierra Morena Villa Matilde est situ\u00e9e au nord de la municipalit\u00e9 d&rsquo;And\u00fajar, dans la province de Ja\u00e9n. Elle se trouve au c\u0153ur de la Sierra Morena, une cha\u00eene de montagnes qui s&rsquo;\u00e9tend d&rsquo;est en ouest et s\u00e9pare l&rsquo;Andalousie du reste de l&rsquo;Espagne. Les environs offrent une nature spectaculaire. Il existe \u00e9galement des lieux [&hellip;]<\/p>\n","protected":false},"author":3,"featured_media":0,"parent":0,"menu_order":0,"comment_status":"closed","ping_status":"closed","template":"elementor_header_footer","meta":{"footnotes":""},"class_list":["post-5359","page","type-page","status-publish","hentry"],"_links":{"self":[{"href":"https:\/\/villamatilde.org\/fr\/wp-json\/wp\/v2\/pages\/5359","targetHints":{"allow":["GET"]}}],"collection":[{"href":"https:\/\/villamatilde.org\/fr\/wp-json\/wp\/v2\/pages"}],"about":[{"href":"https:\/\/villamatilde.org\/fr\/wp-json\/wp\/v2\/types\/page"}],"author":[{"embeddable":true,"href":"https:\/\/villamatilde.org\/fr\/wp-json\/wp\/v2\/users\/3"}],"replies":[{"embeddable":true,"href":"https:\/\/villamatilde.org\/fr\/wp-json\/wp\/v2\/comments?post=5359"}],"version-history":[{"count":4,"href":"https:\/\/villamatilde.org\/fr\/wp-json\/wp\/v2\/pages\/5359\/revisions"}],"predecessor-version":[{"id":5599,"href":"https:\/\/villamatilde.org\/fr\/wp-json\/wp\/v2\/pages\/5359\/revisions\/5599"}],"wp:attachment":[{"href":"https:\/\/villamatilde.org\/fr\/wp-json\/wp\/v2\/media?parent=5359"}],"curies":[{"name":"wp","href":"https:\/\/api.w.org\/{rel}","templated":true}]}}