{"id":5343,"date":"2023-06-29T23:42:31","date_gmt":"2023-06-29T23:42:31","guid":{"rendered":"https:\/\/villamatilde.org\/hebergement\/"},"modified":"2024-01-07T09:49:20","modified_gmt":"2024-01-07T09:49:20","slug":"hebergement","status":"publish","type":"page","link":"https:\/\/villamatilde.org\/fr\/hebergement\/","title":{"rendered":"H\u00e9bergement"},"content":{"rendered":"\t\t<div data-elementor-type=\"wp-page\" data-elementor-id=\"5343\" class=\"elementor elementor-5343 elementor-3839\" data-elementor-post-type=\"page\">\n\t\t\t\t\t\t<section class=\"elementor-section elementor-top-section elementor-element elementor-element-71f574b elementor-section-content-bottom elementor-section-boxed elementor-section-height-default elementor-section-height-default\" data-id=\"71f574b\" data-element_type=\"section\" data-e-type=\"section\" data-settings=\"{&quot;background_background&quot;:&quot;classic&quot;,&quot;jet_parallax_layout_list&quot;:[]}\">\n\t\t\t\t\t\t\t<div class=\"elementor-background-overlay\"><\/div>\n\t\t\t\t\t\t\t<div class=\"elementor-container elementor-column-gap-no\">\n\t\t\t\t\t<div class=\"elementor-column elementor-col-100 elementor-top-column elementor-element elementor-element-68ccb87\" data-id=\"68ccb87\" data-element_type=\"column\" data-e-type=\"column\">\n\t\t\t<div class=\"elementor-widget-wrap elementor-element-populated\">\n\t\t\t\t\t\t<div class=\"elementor-element elementor-element-2673507 elementor-widget elementor-widget-spacer\" data-id=\"2673507\" data-element_type=\"widget\" data-e-type=\"widget\" data-widget_type=\"spacer.default\">\n\t\t\t\t<div class=\"elementor-widget-container\">\n\t\t\t\t\t\t\t<div class=\"elementor-spacer\">\n\t\t\t<div class=\"elementor-spacer-inner\"><\/div>\n\t\t<\/div>\n\t\t\t\t\t\t<\/div>\n\t\t\t\t<\/div>\n\t\t\t\t<div class=\"elementor-element elementor-element-b62a81f elementor-invisible elementor-widget elementor-widget-heading\" data-id=\"b62a81f\" data-element_type=\"widget\" data-e-type=\"widget\" data-settings=\"{&quot;_animation&quot;:&quot;fadeInUp&quot;}\" data-widget_type=\"heading.default\">\n\t\t\t\t<div class=\"elementor-widget-container\">\n\t\t\t\t\t<h1 class=\"elementor-heading-title elementor-size-default\">H\u00e9bergement\n<\/h1>\t\t\t\t<\/div>\n\t\t\t\t<\/div>\n\t\t\t\t\t<\/div>\n\t\t<\/div>\n\t\t\t\t\t<\/div>\n\t\t<\/section>\n\t\t\t\t<section class=\"elementor-section elementor-top-section elementor-element elementor-element-1521cef elementor-section-boxed elementor-section-height-default elementor-section-height-default\" data-id=\"1521cef\" data-element_type=\"section\" data-e-type=\"section\" data-settings=\"{&quot;jet_parallax_layout_list&quot;:[]}\">\n\t\t\t\t\t\t<div class=\"elementor-container elementor-column-gap-default\">\n\t\t\t\t\t<div class=\"elementor-column elementor-col-50 elementor-top-column elementor-element elementor-element-66f2595\" data-id=\"66f2595\" data-element_type=\"column\" data-e-type=\"column\" data-settings=\"{&quot;background_background&quot;:&quot;classic&quot;}\">\n\t\t\t<div class=\"elementor-widget-wrap elementor-element-populated\">\n\t\t\t\t\t\t<div class=\"elementor-element elementor-element-7e3cf81 elementor-widget elementor-widget-heading\" data-id=\"7e3cf81\" data-element_type=\"widget\" data-e-type=\"widget\" data-widget_type=\"heading.default\">\n\t\t\t\t<div class=\"elementor-widget-container\">\n\t\t\t\t\t<h2 class=\"elementor-heading-title elementor-size-default\">Le g\u00eete rural<\/h2>\t\t\t\t<\/div>\n\t\t\t\t<\/div>\n\t\t\t\t<div class=\"elementor-element elementor-element-60732cf elementor-widget elementor-widget-text-editor\" data-id=\"60732cf\" data-element_type=\"widget\" data-e-type=\"widget\" data-widget_type=\"text-editor.default\">\n\t\t\t\t<div class=\"elementor-widget-container\">\n\t\t\t\t\t\t\t\t\t<p>La villa est entour\u00e9e d&rsquo;un terrain de 3 hectares et de vieux pins, ch\u00eanes et arbustes m\u00e9diterran\u00e9ens. C&rsquo;est un privil\u00e8ge de se r\u00e9veiller, d&rsquo;ouvrir la porte et d&rsquo;aller directement dans la nature.<\/p><p>Il y a plusieurs terrasses et une piscine o\u00f9 l&rsquo;on peut se baigner pendant les mois chauds. Pour les personnes handicap\u00e9es physiques, il y a une rampe pour entrer confortablement dans la maison.<\/p><p>Dans la villa nous louons par chambre. Il y a un salon\/salle \u00e0 manger commun avec un po\u00eale \u00e0 bois, o\u00f9 vous pourrez vous d\u00e9tendre, lire et discuter avec d&rsquo;autres clients et o\u00f9 nous servons le petit-d\u00e9jeuner et le d\u00eener. Nous pouvons \u00e9galement vous pr\u00e9parer un pique-nique, au cas que vous passeriez toute la journ\u00e9e en montagne.<\/p>\t\t\t\t\t\t\t\t<\/div>\n\t\t\t\t<\/div>\n\t\t\t\t\t<\/div>\n\t\t<\/div>\n\t\t\t\t<div class=\"elementor-column elementor-col-50 elementor-top-column elementor-element elementor-element-5584dc9\" data-id=\"5584dc9\" data-element_type=\"column\" data-e-type=\"column\" data-settings=\"{&quot;background_background&quot;:&quot;classic&quot;}\">\n\t\t\t<div class=\"elementor-widget-wrap elementor-element-populated\">\n\t\t\t\t\t\t\t<\/div>\n\t\t<\/div>\n\t\t\t\t\t<\/div>\n\t\t<\/section>\n\t\t\t\t<section class=\"elementor-section elementor-top-section elementor-element elementor-element-6e49f67 elementor-section-boxed elementor-section-height-default elementor-section-height-default\" data-id=\"6e49f67\" data-element_type=\"section\" data-e-type=\"section\" data-settings=\"{&quot;jet_parallax_layout_list&quot;:[]}\">\n\t\t\t\t\t\t<div class=\"elementor-container elementor-column-gap-default\">\n\t\t\t\t\t<div class=\"elementor-column elementor-col-50 elementor-top-column elementor-element elementor-element-ea22d25\" data-id=\"ea22d25\" data-element_type=\"column\" data-e-type=\"column\" data-settings=\"{&quot;background_background&quot;:&quot;classic&quot;}\">\n\t\t\t<div class=\"elementor-widget-wrap elementor-element-populated\">\n\t\t\t\t\t\t<div class=\"elementor-element elementor-element-f2dab4e elementor-widget elementor-widget-spacer\" data-id=\"f2dab4e\" data-element_type=\"widget\" data-e-type=\"widget\" data-widget_type=\"spacer.default\">\n\t\t\t\t<div class=\"elementor-widget-container\">\n\t\t\t\t\t\t\t<div class=\"elementor-spacer\">\n\t\t\t<div class=\"elementor-spacer-inner\"><\/div>\n\t\t<\/div>\n\t\t\t\t\t\t<\/div>\n\t\t\t\t<\/div>\n\t\t\t\t\t<\/div>\n\t\t<\/div>\n\t\t\t\t<div class=\"elementor-column elementor-col-50 elementor-top-column elementor-element elementor-element-44bafcb\" data-id=\"44bafcb\" data-element_type=\"column\" data-e-type=\"column\" data-settings=\"{&quot;background_background&quot;:&quot;classic&quot;}\">\n\t\t\t<div class=\"elementor-widget-wrap elementor-element-populated\">\n\t\t\t\t\t\t<div class=\"elementor-element elementor-element-6c47c3e elementor-widget elementor-widget-heading\" data-id=\"6c47c3e\" data-element_type=\"widget\" data-e-type=\"widget\" data-widget_type=\"heading.default\">\n\t\t\t\t<div class=\"elementor-widget-container\">\n\t\t\t\t\t<h2 class=\"elementor-heading-title elementor-size-default\">Les chambres<\/h2>\t\t\t\t<\/div>\n\t\t\t\t<\/div>\n\t\t\t\t<div class=\"elementor-element elementor-element-de7ee75 elementor-widget elementor-widget-text-editor\" data-id=\"de7ee75\" data-element_type=\"widget\" data-e-type=\"widget\" data-widget_type=\"text-editor.default\">\n\t\t\t\t<div class=\"elementor-widget-container\">\n\t\t\t\t\t\t\t\t\t<p>Il y a 6 chambres simples, doubles et triples, chacune avec sa propre salle de bain et chauffage.<\/p><p>Chaque chambre porte un nom inspir\u00e9 d&rsquo;une plante de la r\u00e9gion : ch\u00eane, ciste, myrte, romarin, lavande espagnol et arbousier.<\/p><p>Les chambres pr\u00e9sentent une d\u00e9coration rustique et douillet, avec des meubles en bois et des couleurs chaleureuses. Toutes ont des vues ext\u00e9rieures, o\u00f9 vous pourrez contempler le paysage naturel qui entoure la Villa Matilde.<\/p><p>Les lits sont confortables, avec des draps en coton et couettes. Les salles de bains sont avec toilette, douche, lavabo et serviettes. Vous disposez \u00e9galement d&rsquo;une armoire, d&rsquo;une petite table, d&rsquo;une chaise et d&rsquo;une lampe.<\/p><p>Une des chambres est adapt\u00e9e aux personnes en fauteuil roulant.<\/p>\t\t\t\t\t\t\t\t<\/div>\n\t\t\t\t<\/div>\n\t\t\t\t\t<\/div>\n\t\t<\/div>\n\t\t\t\t\t<\/div>\n\t\t<\/section>\n\t\t\t\t<section class=\"elementor-section elementor-top-section elementor-element elementor-element-afb79b2 elementor-section-boxed elementor-section-height-default elementor-section-height-default\" data-id=\"afb79b2\" data-element_type=\"section\" data-e-type=\"section\" data-settings=\"{&quot;jet_parallax_layout_list&quot;:[],&quot;background_background&quot;:&quot;classic&quot;}\">\n\t\t\t\t\t\t<div class=\"elementor-container elementor-column-gap-default\">\n\t\t\t\t\t<div class=\"elementor-column elementor-col-100 elementor-top-column elementor-element elementor-element-995e65f\" data-id=\"995e65f\" data-element_type=\"column\" data-e-type=\"column\">\n\t\t\t<div class=\"elementor-widget-wrap elementor-element-populated\">\n\t\t\t\t\t\t<div class=\"elementor-element elementor-element-75e3168 elementor-widget elementor-widget-heading\" data-id=\"75e3168\" data-element_type=\"widget\" data-e-type=\"widget\" data-widget_type=\"heading.default\">\n\t\t\t\t<div class=\"elementor-widget-container\">\n\t\t\t\t\t<h2 class=\"elementor-heading-title elementor-size-default\">La Villa Matilde propose \u00e9galement<\/h2>\t\t\t\t<\/div>\n\t\t\t\t<\/div>\n\t\t\t\t<div class=\"elementor-element elementor-element-679fdd1 elementor-widget elementor-widget-text-editor\" data-id=\"679fdd1\" data-element_type=\"widget\" data-e-type=\"widget\" data-widget_type=\"text-editor.default\">\n\t\t\t\t<div class=\"elementor-widget-container\">\n\t\t\t\t\t\t\t\t\t<p>Il est possible d&rsquo;organiser votre propre cours \u00e0 la Villa Matilde. Si vous le souhaitez, nous pouvons vous faire une offre sur mesure, en fonction de la dur\u00e9e de votre s\u00e9jour et du nombre de participants.<\/p>\t\t\t\t\t\t\t\t<\/div>\n\t\t\t\t<\/div>\n\t\t\t\t\t<\/div>\n\t\t<\/div>\n\t\t\t\t\t<\/div>\n\t\t<\/section>\n\t\t\t\t<\/div>\n\t\t","protected":false},"excerpt":{"rendered":"<p>H\u00e9bergement Le g\u00eete rural La villa est entour\u00e9e d&rsquo;un terrain de 3 hectares et de vieux pins, ch\u00eanes et arbustes m\u00e9diterran\u00e9ens. C&rsquo;est un privil\u00e8ge de se r\u00e9veiller, d&rsquo;ouvrir la porte et d&rsquo;aller directement dans la nature. Il y a plusieurs terrasses et une piscine o\u00f9 l&rsquo;on peut se baigner pendant les mois chauds. Pour les [&hellip;]<\/p>\n","protected":false},"author":3,"featured_media":0,"parent":0,"menu_order":0,"comment_status":"closed","ping_status":"closed","template":"elementor_header_footer","meta":{"footnotes":""},"class_list":["post-5343","page","type-page","status-publish","hentry"],"_links":{"self":[{"href":"https:\/\/villamatilde.org\/fr\/wp-json\/wp\/v2\/pages\/5343","targetHints":{"allow":["GET"]}}],"collection":[{"href":"https:\/\/villamatilde.org\/fr\/wp-json\/wp\/v2\/pages"}],"about":[{"href":"https:\/\/villamatilde.org\/fr\/wp-json\/wp\/v2\/types\/page"}],"author":[{"embeddable":true,"href":"https:\/\/villamatilde.org\/fr\/wp-json\/wp\/v2\/users\/3"}],"replies":[{"embeddable":true,"href":"https:\/\/villamatilde.org\/fr\/wp-json\/wp\/v2\/comments?post=5343"}],"version-history":[{"count":4,"href":"https:\/\/villamatilde.org\/fr\/wp-json\/wp\/v2\/pages\/5343\/revisions"}],"predecessor-version":[{"id":5590,"href":"https:\/\/villamatilde.org\/fr\/wp-json\/wp\/v2\/pages\/5343\/revisions\/5590"}],"wp:attachment":[{"href":"https:\/\/villamatilde.org\/fr\/wp-json\/wp\/v2\/media?parent=5343"}],"curies":[{"name":"wp","href":"https:\/\/api.w.org\/{rel}","templated":true}]}}