{"id":5334,"date":"2023-06-29T23:25:11","date_gmt":"2023-06-29T23:25:11","guid":{"rendered":"https:\/\/villamatilde.org\/activites\/"},"modified":"2024-01-07T09:52:20","modified_gmt":"2024-01-07T09:52:20","slug":"activites","status":"publish","type":"page","link":"https:\/\/villamatilde.org\/fr\/activites\/","title":{"rendered":"Activit\u00e9s"},"content":{"rendered":"\t\t<div data-elementor-type=\"wp-page\" data-elementor-id=\"5334\" class=\"elementor elementor-5334 elementor-3813\" data-elementor-post-type=\"page\">\n\t\t\t\t\t\t<section class=\"elementor-section elementor-top-section elementor-element elementor-element-f1cd86a elementor-section-content-bottom elementor-section-boxed elementor-section-height-default elementor-section-height-default\" data-id=\"f1cd86a\" data-element_type=\"section\" data-e-type=\"section\" data-settings=\"{&quot;background_background&quot;:&quot;classic&quot;,&quot;jet_parallax_layout_list&quot;:[]}\">\n\t\t\t\t\t\t\t<div class=\"elementor-background-overlay\"><\/div>\n\t\t\t\t\t\t\t<div class=\"elementor-container elementor-column-gap-no\">\n\t\t\t\t\t<div class=\"elementor-column elementor-col-100 elementor-top-column elementor-element elementor-element-e18fae1\" data-id=\"e18fae1\" data-element_type=\"column\" data-e-type=\"column\">\n\t\t\t<div class=\"elementor-widget-wrap elementor-element-populated\">\n\t\t\t\t\t\t<div class=\"elementor-element elementor-element-8510c92 elementor-widget elementor-widget-spacer\" data-id=\"8510c92\" data-element_type=\"widget\" data-e-type=\"widget\" data-widget_type=\"spacer.default\">\n\t\t\t\t<div class=\"elementor-widget-container\">\n\t\t\t\t\t\t\t<div class=\"elementor-spacer\">\n\t\t\t<div class=\"elementor-spacer-inner\"><\/div>\n\t\t<\/div>\n\t\t\t\t\t\t<\/div>\n\t\t\t\t<\/div>\n\t\t\t\t<div class=\"elementor-element elementor-element-894b37d elementor-invisible elementor-widget elementor-widget-heading\" data-id=\"894b37d\" data-element_type=\"widget\" data-e-type=\"widget\" data-settings=\"{&quot;_animation&quot;:&quot;fadeInUp&quot;}\" data-widget_type=\"heading.default\">\n\t\t\t\t<div class=\"elementor-widget-container\">\n\t\t\t\t\t<h1 class=\"elementor-heading-title elementor-size-default\">Activit\u00e9s<\/h1>\t\t\t\t<\/div>\n\t\t\t\t<\/div>\n\t\t\t\t\t<\/div>\n\t\t<\/div>\n\t\t\t\t\t<\/div>\n\t\t<\/section>\n\t\t\t\t<section class=\"elementor-section elementor-top-section elementor-element elementor-element-d858761 elementor-section-boxed elementor-section-height-default elementor-section-height-default\" data-id=\"d858761\" data-element_type=\"section\" data-e-type=\"section\" data-settings=\"{&quot;jet_parallax_layout_list&quot;:[]}\">\n\t\t\t\t\t\t<div class=\"elementor-container elementor-column-gap-default\">\n\t\t\t\t\t<div class=\"elementor-column elementor-col-50 elementor-top-column elementor-element elementor-element-766385e\" data-id=\"766385e\" data-element_type=\"column\" data-e-type=\"column\" data-settings=\"{&quot;background_background&quot;:&quot;classic&quot;}\">\n\t\t\t<div class=\"elementor-widget-wrap elementor-element-populated\">\n\t\t\t\t\t\t<div class=\"elementor-element elementor-element-06cbb15 elementor-widget elementor-widget-heading\" data-id=\"06cbb15\" data-element_type=\"widget\" data-e-type=\"widget\" data-widget_type=\"heading.default\">\n\t\t\t\t<div class=\"elementor-widget-container\">\n\t\t\t\t\t<h2 class=\"elementor-heading-title elementor-size-default\">Une centre d'\u00e9ducation \u00e0 la nature<\/h2>\t\t\t\t<\/div>\n\t\t\t\t<\/div>\n\t\t\t\t<div class=\"elementor-element elementor-element-6455cc2 elementor-widget elementor-widget-text-editor\" data-id=\"6455cc2\" data-element_type=\"widget\" data-e-type=\"widget\" data-widget_type=\"text-editor.default\">\n\t\t\t\t<div class=\"elementor-widget-container\">\n\t\t\t\t\t\t\t\t\t<p>Nous accueillons les groupes int\u00e9ress\u00e9s \u00e0 r\u00e9aliser des activit\u00e9s en nature et des formations. Nous proposons des itin\u00e9raires \u00e0 travers le parc naturel de la Sierra de And\u00fajar et plusieurs ateliers.<\/p><p>Notre objectif prioritaire est de promouvoir des attitudes de conservation et d\u2019admiration de la nature dans un cadre de coexistence respectueuse et solidaire.<\/p><p>Nous avons d\u00e9velopp\u00e9 un programme d&rsquo;\u00e9ducation environnementale pour les \u00e9coles. Le programme est destin\u00e9 aux \u00e9l\u00e8ves de l&rsquo;enseignement primaire et secondaire. Les \u00e9coles effectuent des visites d&rsquo;une journ\u00e9e. Ils explorent \u00e0 pied les zones int\u00e9ressantes de la Sierra de And\u00fajar et participent \u00e0 des ateliers et des jeux \u00e9ducatifs. Chaque groupe scolaire a la possibilit\u00e9 de choisir entre diff\u00e9rents programmes d&rsquo;activit\u00e9s.<\/p>\t\t\t\t\t\t\t\t<\/div>\n\t\t\t\t<\/div>\n\t\t\t\t\t<\/div>\n\t\t<\/div>\n\t\t\t\t<div class=\"elementor-column elementor-col-50 elementor-top-column elementor-element elementor-element-c06ceb4\" data-id=\"c06ceb4\" data-element_type=\"column\" data-e-type=\"column\" data-settings=\"{&quot;background_background&quot;:&quot;classic&quot;}\">\n\t\t\t<div class=\"elementor-widget-wrap elementor-element-populated\">\n\t\t\t\t\t\t\t<\/div>\n\t\t<\/div>\n\t\t\t\t\t<\/div>\n\t\t<\/section>\n\t\t\t\t<section class=\"elementor-section elementor-top-section elementor-element elementor-element-2f4a0fc elementor-section-boxed elementor-section-height-default elementor-section-height-default\" data-id=\"2f4a0fc\" data-element_type=\"section\" data-e-type=\"section\" data-settings=\"{&quot;jet_parallax_layout_list&quot;:[]}\">\n\t\t\t\t\t\t<div class=\"elementor-container elementor-column-gap-default\">\n\t\t\t\t\t<div class=\"elementor-column elementor-col-100 elementor-top-column elementor-element elementor-element-d997fdc\" data-id=\"d997fdc\" data-element_type=\"column\" data-e-type=\"column\">\n\t\t\t<div class=\"elementor-widget-wrap elementor-element-populated\">\n\t\t\t\t\t\t<div class=\"elementor-element elementor-element-16db067 elementor-widget elementor-widget-text-editor\" data-id=\"16db067\" data-element_type=\"widget\" data-e-type=\"widget\" data-widget_type=\"text-editor.default\">\n\t\t\t\t<div class=\"elementor-widget-container\">\n\t\t\t\t\t\t\t\t\t<p>Pour plus d&rsquo;informations, envoyez-nous un e-mail \u00e0 <a href=\"mailto:villamtilde@villamatilde.org\"><u>villamtilde@villamatilde.org<\/u><\/a><\/p>\n\t\t\t\t\t\t\t\t<\/div>\n\t\t\t\t<\/div>\n\t\t\t\t\t<\/div>\n\t\t<\/div>\n\t\t\t\t\t<\/div>\n\t\t<\/section>\n\t\t\t\t<section class=\"elementor-section elementor-top-section elementor-element elementor-element-ab64aad elementor-section-boxed elementor-section-height-default elementor-section-height-default\" data-id=\"ab64aad\" data-element_type=\"section\" data-e-type=\"section\" data-settings=\"{&quot;jet_parallax_layout_list&quot;:[],&quot;background_background&quot;:&quot;classic&quot;}\">\n\t\t\t\t\t\t<div class=\"elementor-container elementor-column-gap-default\">\n\t\t\t\t\t<div class=\"elementor-column elementor-col-100 elementor-top-column elementor-element elementor-element-9382a32\" data-id=\"9382a32\" data-element_type=\"column\" data-e-type=\"column\">\n\t\t\t<div class=\"elementor-widget-wrap elementor-element-populated\">\n\t\t\t\t\t\t<div class=\"elementor-element elementor-element-4a56653 elementor-widget elementor-widget-heading\" data-id=\"4a56653\" data-element_type=\"widget\" data-e-type=\"widget\" data-widget_type=\"heading.default\">\n\t\t\t\t<div class=\"elementor-widget-container\">\n\t\t\t\t\t<h2 class=\"elementor-heading-title elementor-size-default\">La Villa Matilde propose \u00e9galement <\/h2>\t\t\t\t<\/div>\n\t\t\t\t<\/div>\n\t\t\t\t<div class=\"elementor-element elementor-element-10e3809 elementor-widget elementor-widget-text-editor\" data-id=\"10e3809\" data-element_type=\"widget\" data-e-type=\"widget\" data-widget_type=\"text-editor.default\">\n\t\t\t\t<div class=\"elementor-widget-container\">\n\t\t\t\t\t\t\t\t\t<p>Cours tels que la nourriture v\u00e9g\u00e9tarienne, le yoga, les massages, les plantes m\u00e9dicinales, les cosm\u00e9tiques naturels, le potager biologique et l&rsquo;apiculture.<\/p><p>Nous organisons \u00e9galement des projets de volontariat environnemental dans le parc naturel de la Sierra de And\u00fajar.<\/p>\t\t\t\t\t\t\t\t<\/div>\n\t\t\t\t<\/div>\n\t\t\t\t\t<\/div>\n\t\t<\/div>\n\t\t\t\t\t<\/div>\n\t\t<\/section>\n\t\t\t\t<section class=\"elementor-section elementor-top-section elementor-element elementor-element-62599e8 elementor-section-boxed elementor-section-height-default elementor-section-height-default\" data-id=\"62599e8\" data-element_type=\"section\" data-e-type=\"section\" data-settings=\"{&quot;jet_parallax_layout_list&quot;:[]}\">\n\t\t\t\t\t\t<div class=\"elementor-container elementor-column-gap-default\">\n\t\t\t\t\t<div class=\"elementor-column elementor-col-50 elementor-top-column elementor-element elementor-element-34cdcb2\" data-id=\"34cdcb2\" data-element_type=\"column\" data-e-type=\"column\">\n\t\t\t<div class=\"elementor-widget-wrap elementor-element-populated\">\n\t\t\t\t\t\t<div class=\"elementor-element elementor-element-b6a6af1 elementor-position-top elementor-widget elementor-widget-image-box\" data-id=\"b6a6af1\" data-element_type=\"widget\" data-e-type=\"widget\" data-widget_type=\"image-box.default\">\n\t\t\t\t<div class=\"elementor-widget-container\">\n\t\t\t\t\t<div class=\"elementor-image-box-wrapper\"><figure class=\"elementor-image-box-img\"><img fetchpriority=\"high\" decoding=\"async\" width=\"800\" height=\"600\" src=\"https:\/\/villamatilde.org\/wp-content\/uploads\/2023\/09\/cosmetica.jpg\" class=\"attachment-full size-full wp-image-4087\" alt=\"\" srcset=\"https:\/\/villamatilde.org\/wp-content\/uploads\/2023\/09\/cosmetica.jpg 800w, https:\/\/villamatilde.org\/wp-content\/uploads\/2023\/09\/cosmetica-300x225.jpg 300w, https:\/\/villamatilde.org\/wp-content\/uploads\/2023\/09\/cosmetica-400x300.jpg 400w, https:\/\/villamatilde.org\/wp-content\/uploads\/2023\/09\/cosmetica-768x576.jpg 768w\" sizes=\"(max-width: 800px) 100vw, 800px\" \/><\/figure><div class=\"elementor-image-box-content\"><h3 class=\"elementor-image-box-title\">Cours de Cosm\u00e9tiques Naturels et Plantes M\u00e9dicinales<\/h3><p class=\"elementor-image-box-description\">Le cours est principalement pratique. Nous nous promenons dan la for\u00eat pour d\u00e9couvrir diff\u00e9rentes plantes aromatiques et m\u00e9dicinales dans leur milieu naturel. Nous parlons des usages traditionnels, de la culture, de la transformation des plantes et des substances utilis\u00e9es pour fabriquer des produits naturels. Dans ce cours nous fabriquons une cr\u00e8me, un gel hydratant et un sirop contre la toux.<\/p><\/div><\/div>\t\t\t\t<\/div>\n\t\t\t\t<\/div>\n\t\t\t\t\t<\/div>\n\t\t<\/div>\n\t\t\t\t<div class=\"elementor-column elementor-col-50 elementor-top-column elementor-element elementor-element-e183053\" data-id=\"e183053\" data-element_type=\"column\" data-e-type=\"column\">\n\t\t\t<div class=\"elementor-widget-wrap elementor-element-populated\">\n\t\t\t\t\t\t<div class=\"elementor-element elementor-element-ba41944 elementor-position-top elementor-widget elementor-widget-image-box\" data-id=\"ba41944\" data-element_type=\"widget\" data-e-type=\"widget\" data-widget_type=\"image-box.default\">\n\t\t\t\t<div class=\"elementor-widget-container\">\n\t\t\t\t\t<div class=\"elementor-image-box-wrapper\"><figure class=\"elementor-image-box-img\"><img decoding=\"async\" width=\"800\" height=\"600\" src=\"https:\/\/villamatilde.org\/wp-content\/uploads\/2023\/09\/majano-para-conejos.jpg\" class=\"attachment-full size-full wp-image-4088\" alt=\"actividades rurales\" srcset=\"https:\/\/villamatilde.org\/wp-content\/uploads\/2023\/09\/majano-para-conejos.jpg 800w, https:\/\/villamatilde.org\/wp-content\/uploads\/2023\/09\/majano-para-conejos-300x225.jpg 300w, https:\/\/villamatilde.org\/wp-content\/uploads\/2023\/09\/majano-para-conejos-400x300.jpg 400w, https:\/\/villamatilde.org\/wp-content\/uploads\/2023\/09\/majano-para-conejos-768x576.jpg 768w\" sizes=\"(max-width: 800px) 100vw, 800px\" \/><\/figure><div class=\"elementor-image-box-content\"><h3 class=\"elementor-image-box-title\">Volontariat pour l'environnement<\/h3><p class=\"elementor-image-box-description\">Dans notre centre, nous organisons des activit\u00e9s de volontariat en collaboration avec l'association \"Camino Sierra Morena\" et le parc naturel de la Sierra de And\u00fajar. La campagne \"Sanctuaire Naturel\", lanc\u00e9e en 2006, en est un exemple. La campagne encourage l'utilisation raisonnable du parc naturel par les visiteurs du p\u00e8lerinage de la Virgen de la Cabeza, qui a lieu le dernier week-end d'avril.\nNous formons les volontaires au travail de conservation et aux techniques de communication.\n<\/p><\/div><\/div>\t\t\t\t<\/div>\n\t\t\t\t<\/div>\n\t\t\t\t\t<\/div>\n\t\t<\/div>\n\t\t\t\t\t<\/div>\n\t\t<\/section>\n\t\t\t\t<\/div>\n\t\t","protected":false},"excerpt":{"rendered":"<p>Activit\u00e9s Une centre d&rsquo;\u00e9ducation \u00e0 la nature Nous accueillons les groupes int\u00e9ress\u00e9s \u00e0 r\u00e9aliser des activit\u00e9s en nature et des formations. Nous proposons des itin\u00e9raires \u00e0 travers le parc naturel de la Sierra de And\u00fajar et plusieurs ateliers. Notre objectif prioritaire est de promouvoir des attitudes de conservation et d\u2019admiration de la nature dans un [&hellip;]<\/p>\n","protected":false},"author":3,"featured_media":0,"parent":0,"menu_order":0,"comment_status":"closed","ping_status":"closed","template":"elementor_header_footer","meta":{"footnotes":""},"class_list":["post-5334","page","type-page","status-publish","hentry"],"_links":{"self":[{"href":"https:\/\/villamatilde.org\/fr\/wp-json\/wp\/v2\/pages\/5334","targetHints":{"allow":["GET"]}}],"collection":[{"href":"https:\/\/villamatilde.org\/fr\/wp-json\/wp\/v2\/pages"}],"about":[{"href":"https:\/\/villamatilde.org\/fr\/wp-json\/wp\/v2\/types\/page"}],"author":[{"embeddable":true,"href":"https:\/\/villamatilde.org\/fr\/wp-json\/wp\/v2\/users\/3"}],"replies":[{"embeddable":true,"href":"https:\/\/villamatilde.org\/fr\/wp-json\/wp\/v2\/comments?post=5334"}],"version-history":[{"count":7,"href":"https:\/\/villamatilde.org\/fr\/wp-json\/wp\/v2\/pages\/5334\/revisions"}],"predecessor-version":[{"id":5593,"href":"https:\/\/villamatilde.org\/fr\/wp-json\/wp\/v2\/pages\/5334\/revisions\/5593"}],"wp:attachment":[{"href":"https:\/\/villamatilde.org\/fr\/wp-json\/wp\/v2\/media?parent=5334"}],"curies":[{"name":"wp","href":"https:\/\/api.w.org\/{rel}","templated":true}]}}