{"id":5404,"date":"2023-06-29T23:31:00","date_gmt":"2023-06-29T23:31:00","guid":{"rendered":"https:\/\/villamatilde.org\/naturrouten\/"},"modified":"2024-01-07T08:15:02","modified_gmt":"2024-01-07T08:15:02","slug":"naturrouten","status":"publish","type":"page","link":"https:\/\/villamatilde.org\/de\/naturrouten\/","title":{"rendered":"Naturrouten"},"content":{"rendered":"\t\t<div data-elementor-type=\"wp-page\" data-elementor-id=\"5404\" class=\"elementor elementor-5404 elementor-3825\" data-elementor-post-type=\"page\">\n\t\t\t\t\t\t<section class=\"elementor-section elementor-top-section elementor-element elementor-element-55c48ca elementor-section-content-bottom elementor-section-boxed elementor-section-height-default elementor-section-height-default\" data-id=\"55c48ca\" data-element_type=\"section\" data-e-type=\"section\" data-settings=\"{&quot;background_background&quot;:&quot;classic&quot;,&quot;jet_parallax_layout_list&quot;:[]}\">\n\t\t\t\t\t\t\t<div class=\"elementor-background-overlay\"><\/div>\n\t\t\t\t\t\t\t<div class=\"elementor-container elementor-column-gap-no\">\n\t\t\t\t\t<div class=\"elementor-column elementor-col-100 elementor-top-column elementor-element elementor-element-1cbc99a\" data-id=\"1cbc99a\" data-element_type=\"column\" data-e-type=\"column\">\n\t\t\t<div class=\"elementor-widget-wrap elementor-element-populated\">\n\t\t\t\t\t\t<div class=\"elementor-element elementor-element-f672177 elementor-widget elementor-widget-spacer\" data-id=\"f672177\" data-element_type=\"widget\" data-e-type=\"widget\" data-widget_type=\"spacer.default\">\n\t\t\t\t<div class=\"elementor-widget-container\">\n\t\t\t\t\t\t\t<div class=\"elementor-spacer\">\n\t\t\t<div class=\"elementor-spacer-inner\"><\/div>\n\t\t<\/div>\n\t\t\t\t\t\t<\/div>\n\t\t\t\t<\/div>\n\t\t\t\t<div class=\"elementor-element elementor-element-d757267 elementor-invisible elementor-widget elementor-widget-heading\" data-id=\"d757267\" data-element_type=\"widget\" data-e-type=\"widget\" data-settings=\"{&quot;_animation&quot;:&quot;fadeInUp&quot;}\" data-widget_type=\"heading.default\">\n\t\t\t\t<div class=\"elementor-widget-container\">\n\t\t\t\t\t<h1 class=\"elementor-heading-title elementor-size-default\">Naturrouten\n<\/h1>\t\t\t\t<\/div>\n\t\t\t\t<\/div>\n\t\t\t\t\t<\/div>\n\t\t<\/div>\n\t\t\t\t\t<\/div>\n\t\t<\/section>\n\t\t\t\t<section class=\"elementor-section elementor-top-section elementor-element elementor-element-af168a2 elementor-section-boxed elementor-section-height-default elementor-section-height-default\" data-id=\"af168a2\" data-element_type=\"section\" data-e-type=\"section\" data-settings=\"{&quot;jet_parallax_layout_list&quot;:[]}\">\n\t\t\t\t\t\t<div class=\"elementor-container elementor-column-gap-default\">\n\t\t\t\t\t<div class=\"elementor-column elementor-col-50 elementor-top-column elementor-element elementor-element-f56b393\" data-id=\"f56b393\" data-element_type=\"column\" data-e-type=\"column\" data-settings=\"{&quot;background_background&quot;:&quot;classic&quot;}\">\n\t\t\t<div class=\"elementor-widget-wrap elementor-element-populated\">\n\t\t\t\t\t\t<div class=\"elementor-element elementor-element-cbcd7e0 elementor-widget elementor-widget-heading\" data-id=\"cbcd7e0\" data-element_type=\"widget\" data-e-type=\"widget\" data-widget_type=\"heading.default\">\n\t\t\t\t<div class=\"elementor-widget-container\">\n\t\t\t\t\t<h2 class=\"elementor-heading-title elementor-size-default\">Gef\u00fchrte Routen in der Natur\n<\/h2>\t\t\t\t<\/div>\n\t\t\t\t<\/div>\n\t\t\t\t<div class=\"elementor-element elementor-element-2479349 elementor-widget elementor-widget-text-editor\" data-id=\"2479349\" data-element_type=\"widget\" data-e-type=\"widget\" data-widget_type=\"text-editor.default\">\n\t\t\t\t<div class=\"elementor-widget-container\">\n\t\t\t\t\t\t\t\t\t<p>Von September bis Mai organisieren wir gef\u00fchrte Touren durch die Sierra de And\u00fajar. Die meisten unserer Kunden kommen um den Iberischen Luchs zu sehen, der der Stern dieser Gegend ist. Aber nicht weniger faszinierend sind die Sichtungen anderer Tierarten und der Flora des Mittelmeerwaldes.<\/p><p>Unser Ziel bei den Touren ist es ein angenehmes und entspanntes Erlebnis zu bieten, damit Sie die sch\u00f6ne Umgebung in vollen Z\u00fcgen genie\u00dfen k\u00f6nnen. Wir erz\u00e4hlen auch \u00fcber die Funktionsweise verschiedener \u00d6kosysteme und den Einfluss den der Mensch auf sie aus\u00fcbt<\/p>\t\t\t\t\t\t\t\t<\/div>\n\t\t\t\t<\/div>\n\t\t\t\t\t<\/div>\n\t\t<\/div>\n\t\t\t\t<div class=\"elementor-column elementor-col-50 elementor-top-column elementor-element elementor-element-51e4e2d\" data-id=\"51e4e2d\" data-element_type=\"column\" data-e-type=\"column\" data-settings=\"{&quot;background_background&quot;:&quot;classic&quot;}\">\n\t\t\t<div class=\"elementor-widget-wrap elementor-element-populated\">\n\t\t\t\t\t\t<div class=\"elementor-element elementor-element-221438c elementor-widget elementor-widget-spacer\" data-id=\"221438c\" data-element_type=\"widget\" data-e-type=\"widget\" data-widget_type=\"spacer.default\">\n\t\t\t\t<div class=\"elementor-widget-container\">\n\t\t\t\t\t\t\t<div class=\"elementor-spacer\">\n\t\t\t<div class=\"elementor-spacer-inner\"><\/div>\n\t\t<\/div>\n\t\t\t\t\t\t<\/div>\n\t\t\t\t<\/div>\n\t\t\t\t\t<\/div>\n\t\t<\/div>\n\t\t\t\t\t<\/div>\n\t\t<\/section>\n\t\t\t\t<section class=\"elementor-section elementor-top-section elementor-element elementor-element-07e279a elementor-section-boxed elementor-section-height-default elementor-section-height-default\" data-id=\"07e279a\" data-element_type=\"section\" data-e-type=\"section\" data-settings=\"{&quot;jet_parallax_layout_list&quot;:[]}\">\n\t\t\t\t\t\t<div class=\"elementor-container elementor-column-gap-default\">\n\t\t\t\t\t<div class=\"elementor-column elementor-col-50 elementor-top-column elementor-element elementor-element-dc63f45\" data-id=\"dc63f45\" data-element_type=\"column\" data-e-type=\"column\" data-settings=\"{&quot;background_background&quot;:&quot;classic&quot;}\">\n\t\t\t<div class=\"elementor-widget-wrap elementor-element-populated\">\n\t\t\t\t\t\t<div class=\"elementor-element elementor-element-d67bc21 elementor-widget elementor-widget-spacer\" data-id=\"d67bc21\" data-element_type=\"widget\" data-e-type=\"widget\" data-widget_type=\"spacer.default\">\n\t\t\t\t<div class=\"elementor-widget-container\">\n\t\t\t\t\t\t\t<div class=\"elementor-spacer\">\n\t\t\t<div class=\"elementor-spacer-inner\"><\/div>\n\t\t<\/div>\n\t\t\t\t\t\t<\/div>\n\t\t\t\t<\/div>\n\t\t\t\t\t<\/div>\n\t\t<\/div>\n\t\t\t\t<div class=\"elementor-column elementor-col-50 elementor-top-column elementor-element elementor-element-b281bf7\" data-id=\"b281bf7\" data-element_type=\"column\" data-e-type=\"column\" data-settings=\"{&quot;background_background&quot;:&quot;classic&quot;}\">\n\t\t\t<div class=\"elementor-widget-wrap elementor-element-populated\">\n\t\t\t\t\t\t<div class=\"elementor-element elementor-element-4c1d23d elementor-widget elementor-widget-text-editor\" data-id=\"4c1d23d\" data-element_type=\"widget\" data-e-type=\"widget\" data-widget_type=\"text-editor.default\">\n\t\t\t\t<div class=\"elementor-widget-container\">\n\t\t\t\t\t\t\t\t\t<p>Die Routen richten sich an Menschen jeden Alters und mit unterschiedlichen Naturkenntnissen. Im Einklang mit unserer Lebensweise sind unsere Tourismusprodukte nachhaltig, f\u00f6rdern die lokale Entwicklung und folgen einem ethischen Verhaltenskodex.<\/p><p>Wir reisen in einem 4&#215;4-Fahrzeug, wir haben Orientierungsmaterial wie Flora- und Faunaf\u00fchrer und optisches Material wie ein Teleskop dabei.<\/p><p>Die Routen sind halbtags (ca. 5 Stunden) oder ganztags (ca. 9 Stunden). Wir k\u00f6nnen auch individuelle Routen f\u00fcr Gruppen oder Einzelpersonen organisieren.<\/p>\t\t\t\t\t\t\t\t<\/div>\n\t\t\t\t<\/div>\n\t\t\t\t\t<\/div>\n\t\t<\/div>\n\t\t\t\t\t<\/div>\n\t\t<\/section>\n\t\t\t\t<section class=\"elementor-section elementor-top-section elementor-element elementor-element-cdfbd49 elementor-section-boxed elementor-section-height-default elementor-section-height-default\" data-id=\"cdfbd49\" data-element_type=\"section\" data-e-type=\"section\" data-settings=\"{&quot;jet_parallax_layout_list&quot;:[],&quot;background_background&quot;:&quot;classic&quot;}\">\n\t\t\t\t\t\t<div class=\"elementor-container elementor-column-gap-default\">\n\t\t\t\t\t<div class=\"elementor-column elementor-col-100 elementor-top-column elementor-element elementor-element-0d39654\" data-id=\"0d39654\" data-element_type=\"column\" data-e-type=\"column\">\n\t\t\t<div class=\"elementor-widget-wrap elementor-element-populated\">\n\t\t\t\t\t\t<div class=\"elementor-element elementor-element-d4bce30 elementor-widget elementor-widget-text-editor\" data-id=\"d4bce30\" data-element_type=\"widget\" data-e-type=\"widget\" data-widget_type=\"text-editor.default\">\n\t\t\t\t<div class=\"elementor-widget-container\">\n\t\t\t\t\t\t\t\t\t<p><span style=\"color: #ffffff;\">Senden Sie uns eine E-Mail an <a style=\"color: #ffffff;\" href=\"mailto:villamatilde@villamatilde.org\"><u>villamatilde@villamatilde.org<\/u><\/a> f\u00fcr weitere Informationen zu den gef\u00fchrten Routen.<\/span><\/p>\n\t\t\t\t\t\t\t\t<\/div>\n\t\t\t\t<\/div>\n\t\t\t\t\t<\/div>\n\t\t<\/div>\n\t\t\t\t\t<\/div>\n\t\t<\/section>\n\t\t\t\t<section class=\"elementor-section elementor-top-section elementor-element elementor-element-f4d893d elementor-section-boxed elementor-section-height-default elementor-section-height-default\" data-id=\"f4d893d\" data-element_type=\"section\" data-e-type=\"section\" data-settings=\"{&quot;jet_parallax_layout_list&quot;:[]}\">\n\t\t\t\t\t\t<div class=\"elementor-container elementor-column-gap-default\">\n\t\t\t\t\t<div class=\"elementor-column elementor-col-50 elementor-top-column elementor-element elementor-element-ed631f1\" data-id=\"ed631f1\" data-element_type=\"column\" data-e-type=\"column\">\n\t\t\t<div class=\"elementor-widget-wrap elementor-element-populated\">\n\t\t\t\t\t\t<div class=\"elementor-element elementor-element-c6feb5b elementor-widget elementor-widget-heading\" data-id=\"c6feb5b\" data-element_type=\"widget\" data-e-type=\"widget\" data-widget_type=\"heading.default\">\n\t\t\t\t<div class=\"elementor-widget-container\">\n\t\t\t\t\t<h2 class=\"elementor-heading-title elementor-size-default\">Beeindruckende Artenvielfalt\n<\/h2>\t\t\t\t<\/div>\n\t\t\t\t<\/div>\n\t\t\t\t<div class=\"elementor-element elementor-element-26aeec1 elementor-widget elementor-widget-text-editor\" data-id=\"26aeec1\" data-element_type=\"widget\" data-e-type=\"widget\" data-widget_type=\"text-editor.default\">\n\t\t\t\t<div class=\"elementor-widget-container\">\n\t\t\t\t\t\t\t\t\t<p>Die Landschaft der Sierra de And\u00fajar gibt einem das Gef\u00fchl, dass sie sich seit Hunderten von Jahren nicht ver\u00e4ndert hat. Es ist voller Steineichen, Korkeichen, Pinien und mediterraner Macchia, manchmal geschm\u00fcckt mit charakteristischen runde Granitsteine.<\/p><p>Hier gibt es alle Fleischfresser Andalusiens und es ist ein sehr guter Ort um den Iberischen Luchs, den Iberischen Kaiseradler und den M\u00f6nchsgeier zu beobachten, Arten, die vom Aussterben bedroht sind. Auch Otter, Mangusten, Hirsche, Damhirsche und einige Fledermausarten k\u00f6nnen h\u00e4ufig beobachtet werden.<\/p><p>Im Gebiet gibt es 15 Amphibienarten und mindestens 20 einheimische Reptilienarten. Diese Tiere sind schwer zu sehen, aber es besteht eine gute Chance die Spanische Wasserschildkr\u00f6te, die Treppennatter, die Algerischer Sandl\u00e4ufer, die Perleidechse, die Iberische Geburtshelferkr\u00f6te, die Kreuzkr\u00f6te und den Zwerg-Marmormolch zu sehen.<\/p><p>Und dann ist da noch die immense Zahl wundersch\u00f6ner Insekten. Es ist besser sie live zu beobachten, als hier eine Liste aufzunehmen.<\/p>\t\t\t\t\t\t\t\t<\/div>\n\t\t\t\t<\/div>\n\t\t\t\t\t<\/div>\n\t\t<\/div>\n\t\t\t\t<div class=\"elementor-column elementor-col-50 elementor-top-column elementor-element elementor-element-2721f38\" data-id=\"2721f38\" data-element_type=\"column\" data-e-type=\"column\">\n\t\t\t<div class=\"elementor-widget-wrap elementor-element-populated\">\n\t\t\t\t\t\t<div class=\"elementor-element elementor-element-d267de4 elementor-widget elementor-widget-gallery\" data-id=\"d267de4\" data-element_type=\"widget\" data-e-type=\"widget\" data-settings=\"{&quot;columns&quot;:2,&quot;aspect_ratio&quot;:&quot;4:3&quot;,&quot;lazyload&quot;:&quot;yes&quot;,&quot;gallery_layout&quot;:&quot;grid&quot;,&quot;columns_tablet&quot;:2,&quot;columns_mobile&quot;:1,&quot;gap&quot;:{&quot;unit&quot;:&quot;px&quot;,&quot;size&quot;:10,&quot;sizes&quot;:[]},&quot;gap_tablet&quot;:{&quot;unit&quot;:&quot;px&quot;,&quot;size&quot;:10,&quot;sizes&quot;:[]},&quot;gap_mobile&quot;:{&quot;unit&quot;:&quot;px&quot;,&quot;size&quot;:10,&quot;sizes&quot;:[]},&quot;link_to&quot;:&quot;file&quot;,&quot;overlay_background&quot;:&quot;yes&quot;,&quot;content_hover_animation&quot;:&quot;fade-in&quot;}\" data-widget_type=\"gallery.default\">\n\t\t\t\t<div class=\"elementor-widget-container\">\n\t\t\t\t\t\t\t<div class=\"elementor-gallery__container\">\n\t\t\t\t\t\t\t<a class=\"e-gallery-item elementor-gallery-item elementor-animated-content\" href=\"https:\/\/villamatilde.org\/wp-content\/uploads\/2023\/06\/ciervo.jpeg\" data-elementor-open-lightbox=\"yes\" data-elementor-lightbox-slideshow=\"d267de4\" data-elementor-lightbox-title=\"ciervo\" data-e-action-hash=\"#elementor-action%3Aaction%3Dlightbox%26settings%3DeyJpZCI6MzcyMywidXJsIjoiaHR0cHM6XC9cL3ZpbGxhbWF0aWxkZS5vcmdcL3dwLWNvbnRlbnRcL3VwbG9hZHNcLzIwMjNcLzA2XC9jaWVydm8uanBlZyIsInNsaWRlc2hvdyI6ImQyNjdkZTQifQ%3D%3D\">\n\t\t\t\t\t<div class=\"e-gallery-image elementor-gallery-item__image\" data-thumbnail=\"https:\/\/villamatilde.org\/wp-content\/uploads\/2023\/06\/ciervo-200x300.jpeg\" data-width=\"200\" data-height=\"300\" aria-label=\"\" role=\"img\" ><\/div>\n\t\t\t\t\t\t\t\t\t\t\t<div class=\"elementor-gallery-item__overlay\"><\/div>\n\t\t\t\t\t\t\t\t\t\t\t\t\t\t<\/a>\n\t\t\t\t\t\t\t<a class=\"e-gallery-item elementor-gallery-item elementor-animated-content\" href=\"https:\/\/villamatilde.org\/wp-content\/uploads\/2023\/06\/lince2.jpg\" data-elementor-open-lightbox=\"yes\" data-elementor-lightbox-slideshow=\"d267de4\" data-elementor-lightbox-title=\"lince2\" data-e-action-hash=\"#elementor-action%3Aaction%3Dlightbox%26settings%3DeyJpZCI6MzcyNiwidXJsIjoiaHR0cHM6XC9cL3ZpbGxhbWF0aWxkZS5vcmdcL3dwLWNvbnRlbnRcL3VwbG9hZHNcLzIwMjNcLzA2XC9saW5jZTIuanBnIiwic2xpZGVzaG93IjoiZDI2N2RlNCJ9\">\n\t\t\t\t\t<div class=\"e-gallery-image elementor-gallery-item__image\" data-thumbnail=\"https:\/\/villamatilde.org\/wp-content\/uploads\/2023\/06\/lince2-300x200.jpg\" data-width=\"300\" data-height=\"200\" aria-label=\"\" role=\"img\" ><\/div>\n\t\t\t\t\t\t\t\t\t\t\t<div class=\"elementor-gallery-item__overlay\"><\/div>\n\t\t\t\t\t\t\t\t\t\t\t\t\t\t<\/a>\n\t\t\t\t\t\t\t<a class=\"e-gallery-item elementor-gallery-item elementor-animated-content\" href=\"https:\/\/villamatilde.org\/wp-content\/uploads\/2023\/09\/mariposa.jpg\" data-elementor-open-lightbox=\"yes\" data-elementor-lightbox-slideshow=\"d267de4\" data-elementor-lightbox-title=\"mariposa\" data-e-action-hash=\"#elementor-action%3Aaction%3Dlightbox%26settings%3DeyJpZCI6NDExMSwidXJsIjoiaHR0cHM6XC9cL3ZpbGxhbWF0aWxkZS5vcmdcL3dwLWNvbnRlbnRcL3VwbG9hZHNcLzIwMjNcLzA5XC9tYXJpcG9zYS5qcGciLCJzbGlkZXNob3ciOiJkMjY3ZGU0In0%3D\">\n\t\t\t\t\t<div class=\"e-gallery-image elementor-gallery-item__image\" data-thumbnail=\"https:\/\/villamatilde.org\/wp-content\/uploads\/2023\/09\/mariposa-300x225.jpg\" data-width=\"300\" data-height=\"225\" aria-label=\"\" role=\"img\" ><\/div>\n\t\t\t\t\t\t\t\t\t\t\t<div class=\"elementor-gallery-item__overlay\"><\/div>\n\t\t\t\t\t\t\t\t\t\t\t\t\t\t<\/a>\n\t\t\t\t\t\t\t<a class=\"e-gallery-item elementor-gallery-item elementor-animated-content\" href=\"https:\/\/villamatilde.org\/wp-content\/uploads\/2023\/09\/zorro.jpg\" data-elementor-open-lightbox=\"yes\" data-elementor-lightbox-slideshow=\"d267de4\" data-elementor-lightbox-title=\"zorro\" data-e-action-hash=\"#elementor-action%3Aaction%3Dlightbox%26settings%3DeyJpZCI6NDExMiwidXJsIjoiaHR0cHM6XC9cL3ZpbGxhbWF0aWxkZS5vcmdcL3dwLWNvbnRlbnRcL3VwbG9hZHNcLzIwMjNcLzA5XC96b3Jyby5qcGciLCJzbGlkZXNob3ciOiJkMjY3ZGU0In0%3D\">\n\t\t\t\t\t<div class=\"e-gallery-image elementor-gallery-item__image\" data-thumbnail=\"https:\/\/villamatilde.org\/wp-content\/uploads\/2023\/09\/zorro-300x225.jpg\" data-width=\"300\" data-height=\"225\" aria-label=\"\" role=\"img\" ><\/div>\n\t\t\t\t\t\t\t\t\t\t\t<div class=\"elementor-gallery-item__overlay\"><\/div>\n\t\t\t\t\t\t\t\t\t\t\t\t\t\t<\/a>\n\t\t\t\t\t\t\t<a class=\"e-gallery-item elementor-gallery-item elementor-animated-content\" href=\"https:\/\/villamatilde.org\/wp-content\/uploads\/2023\/09\/jabali.jpg\" data-elementor-open-lightbox=\"yes\" data-elementor-lightbox-slideshow=\"d267de4\" data-elementor-lightbox-title=\"jabali\" data-e-action-hash=\"#elementor-action%3Aaction%3Dlightbox%26settings%3DeyJpZCI6NDExMywidXJsIjoiaHR0cHM6XC9cL3ZpbGxhbWF0aWxkZS5vcmdcL3dwLWNvbnRlbnRcL3VwbG9hZHNcLzIwMjNcLzA5XC9qYWJhbGkuanBnIiwic2xpZGVzaG93IjoiZDI2N2RlNCJ9\">\n\t\t\t\t\t<div class=\"e-gallery-image elementor-gallery-item__image\" data-thumbnail=\"https:\/\/villamatilde.org\/wp-content\/uploads\/2023\/09\/jabali-300x225.jpg\" data-width=\"300\" data-height=\"225\" aria-label=\"\" role=\"img\" ><\/div>\n\t\t\t\t\t\t\t\t\t\t\t<div class=\"elementor-gallery-item__overlay\"><\/div>\n\t\t\t\t\t\t\t\t\t\t\t\t\t\t<\/a>\n\t\t\t\t\t<\/div>\n\t\t\t\t\t<\/div>\n\t\t\t\t<\/div>\n\t\t\t\t<div class=\"elementor-element elementor-element-35f048c elementor-align-justify elementor-widget elementor-widget-button\" data-id=\"35f048c\" data-element_type=\"widget\" data-e-type=\"widget\" data-widget_type=\"button.default\">\n\t\t\t\t<div class=\"elementor-widget-container\">\n\t\t\t\t\t\t\t\t\t<div class=\"elementor-button-wrapper\">\n\t\t\t\t\t<a class=\"elementor-button elementor-button-link elementor-size-md\" href=\"https:\/\/villamatilde.org\/wp-content\/uploads\/2023\/10\/animales-Sierra-Andujar-espanol.pdf\" target=\"_blank\">\n\t\t\t\t\t\t<span class=\"elementor-button-content-wrapper\">\n\t\t\t\t\t\t\t\t\t<span class=\"elementor-button-text\">Informationen \u00fcber die Fauna der Sierra de And\u00fajar<\/span>\n\t\t\t\t\t<\/span>\n\t\t\t\t\t<\/a>\n\t\t\t\t<\/div>\n\t\t\t\t\t\t\t\t<\/div>\n\t\t\t\t<\/div>\n\t\t\t\t\t<\/div>\n\t\t<\/div>\n\t\t\t\t\t<\/div>\n\t\t<\/section>\n\t\t\t\t<section class=\"elementor-section elementor-top-section elementor-element elementor-element-a632165 elementor-section-boxed elementor-section-height-default elementor-section-height-default\" data-id=\"a632165\" data-element_type=\"section\" data-e-type=\"section\" data-settings=\"{&quot;jet_parallax_layout_list&quot;:[]}\">\n\t\t\t\t\t\t<div class=\"elementor-container elementor-column-gap-default\">\n\t\t\t\t\t<div class=\"elementor-column elementor-col-50 elementor-top-column elementor-element elementor-element-55411c9\" data-id=\"55411c9\" data-element_type=\"column\" data-e-type=\"column\">\n\t\t\t<div class=\"elementor-widget-wrap elementor-element-populated\">\n\t\t\t\t\t\t<div class=\"elementor-element elementor-element-b4fca48 elementor-widget elementor-widget-heading\" data-id=\"b4fca48\" data-element_type=\"widget\" data-e-type=\"widget\" data-widget_type=\"heading.default\">\n\t\t\t\t<div class=\"elementor-widget-container\">\n\t\t\t\t\t<h2 class=\"elementor-heading-title elementor-size-default\">Die V\u00f6gel, die Sie sehen k\u00f6nnen\n\n<\/h2>\t\t\t\t<\/div>\n\t\t\t\t<\/div>\n\t\t\t\t<div class=\"elementor-element elementor-element-93aceae elementor-widget elementor-widget-text-editor\" data-id=\"93aceae\" data-element_type=\"widget\" data-e-type=\"widget\" data-widget_type=\"text-editor.default\">\n\t\t\t\t<div class=\"elementor-widget-container\">\n\t\t\t\t\t\t\t\t\t<p>Die Sierra de And\u00fajar ist auch ein sehr guter Ort, um V\u00f6gel zu beobachten. Die gro\u00dfe Anzahl der in den Bergen nistenden Paare des Spanisches Kaiseradlers macht die Gegend zu einem der besten und am besten zug\u00e4nglichen Orte in Spanien, um diese Art zu beobachten. Ebenso gut k\u00f6nnen Sie Steinadler, M\u00f6nchsgeier, G\u00e4nsegeier, Zwergadler, Schlangenadler, Habicht und Sperber beobachten. Weitere interessante Vogelarten, die man beobachten kann, sind Steinkauz, Pirol, H\u00e4berkuckuck, Blauelster, Wiedehopf, Bienenfresser, Iberischer Gr\u00fcnspecht, Blaumerle, Fichtenammer, Samtkopfgrasm\u00fccke und Provencegram\u00fccke.<\/p>\t\t\t\t\t\t\t\t<\/div>\n\t\t\t\t<\/div>\n\t\t\t\t\t<\/div>\n\t\t<\/div>\n\t\t\t\t<div class=\"elementor-column elementor-col-50 elementor-top-column elementor-element elementor-element-74ebcca\" data-id=\"74ebcca\" data-element_type=\"column\" data-e-type=\"column\">\n\t\t\t<div class=\"elementor-widget-wrap elementor-element-populated\">\n\t\t\t\t\t\t<div class=\"elementor-element elementor-element-28f80f3 elementor-widget elementor-widget-gallery\" data-id=\"28f80f3\" data-element_type=\"widget\" data-e-type=\"widget\" data-settings=\"{&quot;columns&quot;:2,&quot;aspect_ratio&quot;:&quot;4:3&quot;,&quot;lazyload&quot;:&quot;yes&quot;,&quot;gallery_layout&quot;:&quot;grid&quot;,&quot;columns_tablet&quot;:2,&quot;columns_mobile&quot;:1,&quot;gap&quot;:{&quot;unit&quot;:&quot;px&quot;,&quot;size&quot;:10,&quot;sizes&quot;:[]},&quot;gap_tablet&quot;:{&quot;unit&quot;:&quot;px&quot;,&quot;size&quot;:10,&quot;sizes&quot;:[]},&quot;gap_mobile&quot;:{&quot;unit&quot;:&quot;px&quot;,&quot;size&quot;:10,&quot;sizes&quot;:[]},&quot;link_to&quot;:&quot;file&quot;,&quot;overlay_background&quot;:&quot;yes&quot;,&quot;content_hover_animation&quot;:&quot;fade-in&quot;}\" data-widget_type=\"gallery.default\">\n\t\t\t\t<div class=\"elementor-widget-container\">\n\t\t\t\t\t\t\t<div class=\"elementor-gallery__container\">\n\t\t\t\t\t\t\t<a class=\"e-gallery-item elementor-gallery-item elementor-animated-content\" href=\"https:\/\/villamatilde.org\/wp-content\/uploads\/2023\/09\/rabilargo.jpg\" data-elementor-open-lightbox=\"yes\" data-elementor-lightbox-slideshow=\"28f80f3\" data-elementor-lightbox-title=\"rabilargo\" data-e-action-hash=\"#elementor-action%3Aaction%3Dlightbox%26settings%3DeyJpZCI6NDExNCwidXJsIjoiaHR0cHM6XC9cL3ZpbGxhbWF0aWxkZS5vcmdcL3dwLWNvbnRlbnRcL3VwbG9hZHNcLzIwMjNcLzA5XC9yYWJpbGFyZ28uanBnIiwic2xpZGVzaG93IjoiMjhmODBmMyJ9\">\n\t\t\t\t\t<div class=\"e-gallery-image elementor-gallery-item__image\" data-thumbnail=\"https:\/\/villamatilde.org\/wp-content\/uploads\/2023\/09\/rabilargo-300x201.jpg\" data-width=\"300\" data-height=\"201\" aria-label=\"\" role=\"img\" ><\/div>\n\t\t\t\t\t\t\t\t\t\t\t<div class=\"elementor-gallery-item__overlay\"><\/div>\n\t\t\t\t\t\t\t\t\t\t\t\t\t\t<\/a>\n\t\t\t\t\t\t\t<a class=\"e-gallery-item elementor-gallery-item elementor-animated-content\" href=\"https:\/\/villamatilde.org\/wp-content\/uploads\/2023\/09\/mochuelo.jpg\" data-elementor-open-lightbox=\"yes\" data-elementor-lightbox-slideshow=\"28f80f3\" data-elementor-lightbox-title=\"mochuelo\" data-e-action-hash=\"#elementor-action%3Aaction%3Dlightbox%26settings%3DeyJpZCI6NDExNSwidXJsIjoiaHR0cHM6XC9cL3ZpbGxhbWF0aWxkZS5vcmdcL3dwLWNvbnRlbnRcL3VwbG9hZHNcLzIwMjNcLzA5XC9tb2NodWVsby5qcGciLCJzbGlkZXNob3ciOiIyOGY4MGYzIn0%3D\">\n\t\t\t\t\t<div class=\"e-gallery-image elementor-gallery-item__image\" data-thumbnail=\"https:\/\/villamatilde.org\/wp-content\/uploads\/2023\/09\/mochuelo-300x278.jpg\" data-width=\"300\" data-height=\"278\" aria-label=\"\" role=\"img\" ><\/div>\n\t\t\t\t\t\t\t\t\t\t\t<div class=\"elementor-gallery-item__overlay\"><\/div>\n\t\t\t\t\t\t\t\t\t\t\t\t\t\t<\/a>\n\t\t\t\t\t\t\t<a class=\"e-gallery-item elementor-gallery-item elementor-animated-content\" href=\"https:\/\/villamatilde.org\/wp-content\/uploads\/2023\/09\/perdiz.jpg\" data-elementor-open-lightbox=\"yes\" data-elementor-lightbox-slideshow=\"28f80f3\" data-elementor-lightbox-title=\"perdiz\" data-e-action-hash=\"#elementor-action%3Aaction%3Dlightbox%26settings%3DeyJpZCI6NDExNiwidXJsIjoiaHR0cHM6XC9cL3ZpbGxhbWF0aWxkZS5vcmdcL3dwLWNvbnRlbnRcL3VwbG9hZHNcLzIwMjNcLzA5XC9wZXJkaXouanBnIiwic2xpZGVzaG93IjoiMjhmODBmMyJ9\">\n\t\t\t\t\t<div class=\"e-gallery-image elementor-gallery-item__image\" data-thumbnail=\"https:\/\/villamatilde.org\/wp-content\/uploads\/2023\/09\/perdiz-300x230.jpg\" data-width=\"300\" data-height=\"230\" aria-label=\"\" role=\"img\" ><\/div>\n\t\t\t\t\t\t\t\t\t\t\t<div class=\"elementor-gallery-item__overlay\"><\/div>\n\t\t\t\t\t\t\t\t\t\t\t\t\t\t<\/a>\n\t\t\t\t\t\t\t<a class=\"e-gallery-item elementor-gallery-item elementor-animated-content\" href=\"https:\/\/villamatilde.org\/wp-content\/uploads\/2023\/06\/buitre-negro.jpg\" data-elementor-open-lightbox=\"yes\" data-elementor-lightbox-slideshow=\"28f80f3\" data-elementor-lightbox-title=\"buitre negro\" data-e-action-hash=\"#elementor-action%3Aaction%3Dlightbox%26settings%3DeyJpZCI6MzcyMiwidXJsIjoiaHR0cHM6XC9cL3ZpbGxhbWF0aWxkZS5vcmdcL3dwLWNvbnRlbnRcL3VwbG9hZHNcLzIwMjNcLzA2XC9idWl0cmUtbmVncm8uanBnIiwic2xpZGVzaG93IjoiMjhmODBmMyJ9\">\n\t\t\t\t\t<div class=\"e-gallery-image elementor-gallery-item__image\" data-thumbnail=\"https:\/\/villamatilde.org\/wp-content\/uploads\/2023\/06\/buitre-negro-300x225.jpg\" data-width=\"300\" data-height=\"225\" aria-label=\"\" role=\"img\" ><\/div>\n\t\t\t\t\t\t\t\t\t\t\t<div class=\"elementor-gallery-item__overlay\"><\/div>\n\t\t\t\t\t\t\t\t\t\t\t\t\t\t<\/a>\n\t\t\t\t\t<\/div>\n\t\t\t\t\t<\/div>\n\t\t\t\t<\/div>\n\t\t\t\t\t<\/div>\n\t\t<\/div>\n\t\t\t\t\t<\/div>\n\t\t<\/section>\n\t\t\t\t<\/div>\n\t\t","protected":false},"excerpt":{"rendered":"<p>Naturrouten Gef\u00fchrte Routen in der Natur Von September bis Mai organisieren wir gef\u00fchrte Touren durch die Sierra de And\u00fajar. Die meisten unserer Kunden kommen um den Iberischen Luchs zu sehen, der der Stern dieser Gegend ist. Aber nicht weniger faszinierend sind die Sichtungen anderer Tierarten und der Flora des Mittelmeerwaldes. Unser Ziel bei den Touren [&hellip;]<\/p>\n","protected":false},"author":3,"featured_media":0,"parent":0,"menu_order":0,"comment_status":"closed","ping_status":"closed","template":"elementor_header_footer","meta":{"footnotes":""},"class_list":["post-5404","page","type-page","status-publish","hentry"],"_links":{"self":[{"href":"https:\/\/villamatilde.org\/de\/wp-json\/wp\/v2\/pages\/5404","targetHints":{"allow":["GET"]}}],"collection":[{"href":"https:\/\/villamatilde.org\/de\/wp-json\/wp\/v2\/pages"}],"about":[{"href":"https:\/\/villamatilde.org\/de\/wp-json\/wp\/v2\/types\/page"}],"author":[{"embeddable":true,"href":"https:\/\/villamatilde.org\/de\/wp-json\/wp\/v2\/users\/3"}],"replies":[{"embeddable":true,"href":"https:\/\/villamatilde.org\/de\/wp-json\/wp\/v2\/comments?post=5404"}],"version-history":[{"count":4,"href":"https:\/\/villamatilde.org\/de\/wp-json\/wp\/v2\/pages\/5404\/revisions"}],"predecessor-version":[{"id":5572,"href":"https:\/\/villamatilde.org\/de\/wp-json\/wp\/v2\/pages\/5404\/revisions\/5572"}],"wp:attachment":[{"href":"https:\/\/villamatilde.org\/de\/wp-json\/wp\/v2\/media?parent=5404"}],"curies":[{"name":"wp","href":"https:\/\/api.w.org\/{rel}","templated":true}]}}