{"id":5385,"date":"2023-06-29T23:38:52","date_gmt":"2023-06-29T23:38:52","guid":{"rendered":"https:\/\/villamatilde.org\/uns\/"},"modified":"2024-01-07T08:17:58","modified_gmt":"2024-01-07T08:17:58","slug":"ueber-uns","status":"publish","type":"page","link":"https:\/\/villamatilde.org\/de\/ueber-uns\/","title":{"rendered":"\u00dcber uns"},"content":{"rendered":"\t\t<div data-elementor-type=\"wp-page\" data-elementor-id=\"5385\" class=\"elementor elementor-5385 elementor-3834\" data-elementor-post-type=\"page\">\n\t\t\t\t\t\t<section class=\"elementor-section elementor-top-section elementor-element elementor-element-4a55f6e elementor-section-content-bottom elementor-section-boxed elementor-section-height-default elementor-section-height-default\" data-id=\"4a55f6e\" data-element_type=\"section\" data-e-type=\"section\" data-settings=\"{&quot;background_background&quot;:&quot;classic&quot;,&quot;jet_parallax_layout_list&quot;:[]}\">\n\t\t\t\t\t\t\t<div class=\"elementor-background-overlay\"><\/div>\n\t\t\t\t\t\t\t<div class=\"elementor-container elementor-column-gap-no\">\n\t\t\t\t\t<div class=\"elementor-column elementor-col-100 elementor-top-column elementor-element elementor-element-7d64eea\" data-id=\"7d64eea\" data-element_type=\"column\" data-e-type=\"column\">\n\t\t\t<div class=\"elementor-widget-wrap elementor-element-populated\">\n\t\t\t\t\t\t<div class=\"elementor-element elementor-element-7f25289 elementor-widget elementor-widget-spacer\" data-id=\"7f25289\" data-element_type=\"widget\" data-e-type=\"widget\" data-widget_type=\"spacer.default\">\n\t\t\t\t<div class=\"elementor-widget-container\">\n\t\t\t\t\t\t\t<div class=\"elementor-spacer\">\n\t\t\t<div class=\"elementor-spacer-inner\"><\/div>\n\t\t<\/div>\n\t\t\t\t\t\t<\/div>\n\t\t\t\t<\/div>\n\t\t\t\t<div class=\"elementor-element elementor-element-1693882 elementor-invisible elementor-widget elementor-widget-heading\" data-id=\"1693882\" data-element_type=\"widget\" data-e-type=\"widget\" data-settings=\"{&quot;_animation&quot;:&quot;fadeInUp&quot;}\" data-widget_type=\"heading.default\">\n\t\t\t\t<div class=\"elementor-widget-container\">\n\t\t\t\t\t<h1 class=\"elementor-heading-title elementor-size-default\">\u00dcber uns\n<\/h1>\t\t\t\t<\/div>\n\t\t\t\t<\/div>\n\t\t\t\t\t<\/div>\n\t\t<\/div>\n\t\t\t\t\t<\/div>\n\t\t<\/section>\n\t\t\t\t<section class=\"elementor-section elementor-top-section elementor-element elementor-element-b116abb elementor-section-boxed elementor-section-height-default elementor-section-height-default\" data-id=\"b116abb\" data-element_type=\"section\" data-e-type=\"section\" data-settings=\"{&quot;jet_parallax_layout_list&quot;:[]}\">\n\t\t\t\t\t\t<div class=\"elementor-container elementor-column-gap-default\">\n\t\t\t\t\t<div class=\"elementor-column elementor-col-50 elementor-top-column elementor-element elementor-element-2d1abea\" data-id=\"2d1abea\" data-element_type=\"column\" data-e-type=\"column\">\n\t\t\t<div class=\"elementor-widget-wrap elementor-element-populated\">\n\t\t\t\t\t\t<div class=\"elementor-element elementor-element-55224dc elementor-widget elementor-widget-image\" data-id=\"55224dc\" data-element_type=\"widget\" data-e-type=\"widget\" data-widget_type=\"image.default\">\n\t\t\t\t<div class=\"elementor-widget-container\">\n\t\t\t\t\t\t\t\t\t\t\t\t\t\t\t<img fetchpriority=\"high\" decoding=\"async\" width=\"800\" height=\"911\" src=\"https:\/\/villamatilde.org\/wp-content\/uploads\/2023\/09\/Mercedes-899x1024.jpg\" class=\"attachment-large size-large wp-image-5229\" alt=\"\" srcset=\"https:\/\/villamatilde.org\/wp-content\/uploads\/2023\/09\/Mercedes-899x1024.jpg 899w, https:\/\/villamatilde.org\/wp-content\/uploads\/2023\/09\/Mercedes-263x300.jpg 263w, https:\/\/villamatilde.org\/wp-content\/uploads\/2023\/09\/Mercedes-768x875.jpg 768w, https:\/\/villamatilde.org\/wp-content\/uploads\/2023\/09\/Mercedes-1349x1536.jpg 1349w, https:\/\/villamatilde.org\/wp-content\/uploads\/2023\/09\/Mercedes-1798x2048.jpg 1798w\" sizes=\"(max-width: 800px) 100vw, 800px\" \/>\t\t\t\t\t\t\t\t\t\t\t\t\t\t\t<\/div>\n\t\t\t\t<\/div>\n\t\t\t\t\t<\/div>\n\t\t<\/div>\n\t\t\t\t<div class=\"elementor-column elementor-col-50 elementor-top-column elementor-element elementor-element-3997595\" data-id=\"3997595\" data-element_type=\"column\" data-e-type=\"column\">\n\t\t\t<div class=\"elementor-widget-wrap elementor-element-populated\">\n\t\t\t\t\t\t<div class=\"elementor-element elementor-element-40f95d9 elementor-blockquote--skin-quotation elementor-blockquote--align-left elementor-blockquote--button-color-official elementor-widget elementor-widget-blockquote\" data-id=\"40f95d9\" data-element_type=\"widget\" data-e-type=\"widget\" data-widget_type=\"blockquote.default\">\n\t\t\t\t<div class=\"elementor-widget-container\">\n\t\t\t\t\t\t\t<blockquote class=\"elementor-blockquote\">\n\t\t\t<p class=\"elementor-blockquote__content\">\n\t\t\t\t\u201eIch wurde in Zamora geboren. Als ich vier Jahre alt war, wanderten meine Eltern nach Holland aus und ich lebte dort bis 1999. Ich habe \u00dcbersetzung und dann Biologie studiert und als Biologielehrer und politischer Berater f\u00fcr die niederl\u00e4ndische Regierung gearbeitet. In der Villa Matilde biete ich Aktivit\u00e4ten, Kurse und Ausfl\u00fcge zur Umwelterziehung f\u00fcr Menschen jeden Alters an. Vier Jahre lang habe ich mit gro\u00dfer Begeisterung am Schutzprojekt des Iberischen Luchses in Andalusien gearbeitet.\nIch denke, dass es im Leben so viel Spannendes zu tun gibt, aber die Natur, das Kochen und die Keramik machen mir besonders viel Spa\u00df.\u201c\n\t\t\t<\/p>\n\t\t\t\t\t\t\t<div class=\"e-q-footer\">\n\t\t\t\t\t\t\t\t\t\t\t<cite class=\"elementor-blockquote__author\">Mercedes<\/cite>\n\t\t\t\t\t\t\t\t\t\t\t\t\t\t<\/div>\n\t\t\t\t\t<\/blockquote>\n\t\t\t\t\t\t<\/div>\n\t\t\t\t<\/div>\n\t\t\t\t\t<\/div>\n\t\t<\/div>\n\t\t\t\t\t<\/div>\n\t\t<\/section>\n\t\t\t\t<section class=\"elementor-section elementor-top-section elementor-element elementor-element-327d085 elementor-section-boxed elementor-section-height-default elementor-section-height-default\" data-id=\"327d085\" data-element_type=\"section\" data-e-type=\"section\" data-settings=\"{&quot;jet_parallax_layout_list&quot;:[]}\">\n\t\t\t\t\t\t<div class=\"elementor-container elementor-column-gap-default\">\n\t\t\t\t\t<div class=\"elementor-column elementor-col-50 elementor-top-column elementor-element elementor-element-58f1b2c\" data-id=\"58f1b2c\" data-element_type=\"column\" data-e-type=\"column\">\n\t\t\t<div class=\"elementor-widget-wrap elementor-element-populated\">\n\t\t\t\t\t\t<div class=\"elementor-element elementor-element-b32aecd elementor-blockquote--skin-quotation elementor-blockquote--align-left elementor-blockquote--button-color-official elementor-widget elementor-widget-blockquote\" data-id=\"b32aecd\" data-element_type=\"widget\" data-e-type=\"widget\" data-widget_type=\"blockquote.default\">\n\t\t\t\t<div class=\"elementor-widget-container\">\n\t\t\t\t\t\t\t<blockquote class=\"elementor-blockquote\">\n\t\t\t<p class=\"elementor-blockquote__content\">\n\t\t\t\t\u201eIch wurde in Delft (Holland) geboren. Ich habe mein Berufsleben als Sportlehrer begonnen, aber seit 1994 arbeite ich als Physiotherapeut. In der Villa Matilde bin ich der Koch und der Handwerker und k\u00fcmmere mich um die Tiere, die wir haben. Von Zeit zu Zeit gebe ich unseren Kunden eine Massage oder eine Reiki-Behandlung, um angesammelten Stress abzubauen. Ich genie\u00dfe die Natur und gehe gern wandern und um die Welt reisen.\u201c\t\t\t<\/p>\n\t\t\t\t\t\t\t<div class=\"e-q-footer\">\n\t\t\t\t\t\t\t\t\t\t\t<cite class=\"elementor-blockquote__author\">Roland<\/cite>\n\t\t\t\t\t\t\t\t\t\t\t\t\t\t<\/div>\n\t\t\t\t\t<\/blockquote>\n\t\t\t\t\t\t<\/div>\n\t\t\t\t<\/div>\n\t\t\t\t\t<\/div>\n\t\t<\/div>\n\t\t\t\t<div class=\"elementor-column elementor-col-50 elementor-top-column elementor-element elementor-element-118d559\" data-id=\"118d559\" data-element_type=\"column\" data-e-type=\"column\">\n\t\t\t<div class=\"elementor-widget-wrap elementor-element-populated\">\n\t\t\t\t\t\t<div class=\"elementor-element elementor-element-c9f05f4 elementor-widget elementor-widget-image\" data-id=\"c9f05f4\" data-element_type=\"widget\" data-e-type=\"widget\" data-widget_type=\"image.default\">\n\t\t\t\t<div class=\"elementor-widget-container\">\n\t\t\t\t\t\t\t\t\t\t\t\t\t\t\t<img decoding=\"async\" width=\"744\" height=\"828\" src=\"https:\/\/villamatilde.org\/wp-content\/uploads\/2023\/09\/Roland-e1696045116548.jpg\" class=\"attachment-full size-full wp-image-5233\" alt=\"\" srcset=\"https:\/\/villamatilde.org\/wp-content\/uploads\/2023\/09\/Roland-e1696045116548.jpg 744w, https:\/\/villamatilde.org\/wp-content\/uploads\/2023\/09\/Roland-e1696045116548-270x300.jpg 270w\" sizes=\"(max-width: 744px) 100vw, 744px\" \/>\t\t\t\t\t\t\t\t\t\t\t\t\t\t\t<\/div>\n\t\t\t\t<\/div>\n\t\t\t\t\t<\/div>\n\t\t<\/div>\n\t\t\t\t\t<\/div>\n\t\t<\/section>\n\t\t\t\t<section class=\"elementor-section elementor-top-section elementor-element elementor-element-b10373c elementor-section-boxed elementor-section-height-default elementor-section-height-default\" data-id=\"b10373c\" data-element_type=\"section\" data-e-type=\"section\" data-settings=\"{&quot;jet_parallax_layout_list&quot;:[],&quot;background_background&quot;:&quot;classic&quot;,&quot;shape_divider_top&quot;:&quot;mountains&quot;,&quot;shape_divider_bottom&quot;:&quot;mountains&quot;}\">\n\t\t\t\t\t<div class=\"elementor-shape elementor-shape-top\" aria-hidden=\"true\" data-negative=\"false\">\n\t\t\t<svg xmlns=\"http:\/\/www.w3.org\/2000\/svg\" viewBox=\"0 0 1000 100\" preserveAspectRatio=\"none\">\n\t<path class=\"elementor-shape-fill\" opacity=\"0.33\" d=\"M473,67.3c-203.9,88.3-263.1-34-320.3,0C66,119.1,0,59.7,0,59.7V0h1000v59.7 c0,0-62.1,26.1-94.9,29.3c-32.8,3.3-62.8-12.3-75.8-22.1C806,49.6,745.3,8.7,694.9,4.7S492.4,59,473,67.3z\"\/>\n\t<path class=\"elementor-shape-fill\" opacity=\"0.66\" d=\"M734,67.3c-45.5,0-77.2-23.2-129.1-39.1c-28.6-8.7-150.3-10.1-254,39.1 s-91.7-34.4-149.2,0C115.7,118.3,0,39.8,0,39.8V0h1000v36.5c0,0-28.2-18.5-92.1-18.5C810.2,18.1,775.7,67.3,734,67.3z\"\/>\n\t<path class=\"elementor-shape-fill\" d=\"M766.1,28.9c-200-57.5-266,65.5-395.1,19.5C242,1.8,242,5.4,184.8,20.6C128,35.8,132.3,44.9,89.9,52.5C28.6,63.7,0,0,0,0 h1000c0,0-9.9,40.9-83.6,48.1S829.6,47,766.1,28.9z\"\/>\n<\/svg>\t\t<\/div>\n\t\t\t\t<div class=\"elementor-shape elementor-shape-bottom\" aria-hidden=\"true\" data-negative=\"false\">\n\t\t\t<svg xmlns=\"http:\/\/www.w3.org\/2000\/svg\" viewBox=\"0 0 1000 100\" preserveAspectRatio=\"none\">\n\t<path class=\"elementor-shape-fill\" opacity=\"0.33\" d=\"M473,67.3c-203.9,88.3-263.1-34-320.3,0C66,119.1,0,59.7,0,59.7V0h1000v59.7 c0,0-62.1,26.1-94.9,29.3c-32.8,3.3-62.8-12.3-75.8-22.1C806,49.6,745.3,8.7,694.9,4.7S492.4,59,473,67.3z\"\/>\n\t<path class=\"elementor-shape-fill\" opacity=\"0.66\" d=\"M734,67.3c-45.5,0-77.2-23.2-129.1-39.1c-28.6-8.7-150.3-10.1-254,39.1 s-91.7-34.4-149.2,0C115.7,118.3,0,39.8,0,39.8V0h1000v36.5c0,0-28.2-18.5-92.1-18.5C810.2,18.1,775.7,67.3,734,67.3z\"\/>\n\t<path class=\"elementor-shape-fill\" d=\"M766.1,28.9c-200-57.5-266,65.5-395.1,19.5C242,1.8,242,5.4,184.8,20.6C128,35.8,132.3,44.9,89.9,52.5C28.6,63.7,0,0,0,0 h1000c0,0-9.9,40.9-83.6,48.1S829.6,47,766.1,28.9z\"\/>\n<\/svg>\t\t<\/div>\n\t\t\t\t\t<div class=\"elementor-container elementor-column-gap-default\">\n\t\t\t\t\t<div class=\"elementor-column elementor-col-50 elementor-top-column elementor-element elementor-element-ea28c0b\" data-id=\"ea28c0b\" data-element_type=\"column\" data-e-type=\"column\">\n\t\t\t<div class=\"elementor-widget-wrap elementor-element-populated\">\n\t\t\t\t\t\t<div class=\"elementor-element elementor-element-b6108dd elementor-widget elementor-widget-heading\" data-id=\"b6108dd\" data-element_type=\"widget\" data-e-type=\"widget\" data-widget_type=\"heading.default\">\n\t\t\t\t<div class=\"elementor-widget-container\">\n\t\t\t\t\t<h2 class=\"elementor-heading-title elementor-size-default\">Wir trafen uns 1982 in Holland. <\/h2>\t\t\t\t<\/div>\n\t\t\t\t<\/div>\n\t\t\t\t<div class=\"elementor-element elementor-element-b506b3d elementor-widget elementor-widget-text-editor\" data-id=\"b506b3d\" data-element_type=\"widget\" data-e-type=\"widget\" data-widget_type=\"text-editor.default\">\n\t\t\t\t<div class=\"elementor-widget-container\">\n\t\t\t\t\t\t\t\t\t<p>Bis zu unserem Umzug nach Spanien lebten wir in Amsterdam, mit Ausnahme eines Jahres, als wir durch Afrika reisten und in Guinea-Bissau lebten.<\/p>\n<p>Wir kamen 1999 nach Andalusien, um mit dem Landhaus und dem Naturklassenzimmer zu beginnen. Mit der Hilfe vieler Freunde konnten wir ein neues, nachhaltigeres Leben beginnen.<br \/>Wir haben einen Bio-Garten, einige Tiere (Esel, H\u00fchner, Hunde, Katzen und Bienen) und leben gerne von dem, was die Natur uns bietet. Wir stellen Brot, Marmelade, Joghurt und Konserven her, wir bauen Gem\u00fcse, Obst und Oliven an, wir haben Honig von unseren Bienen und von Zeit zu Zeit stellen wir unsere Cremes und Salben mit Heilpflanzen her. Gr\u00fcnes Leben mit der F\u00fchrung eines Unternehmens zu verbinden ist manchmal nicht einfach, aber wir versuchen, unser Bestes zu geben. Wir haben zwei fantastische T\u00f6chter, Aisa und Mila, die uns von Zeit zu Zeit unter die Arme greifen. Sie sind froh, in einer so aufregenden Stadt wie Amsterdam und gleichzeitig an einem so gesunden und nat\u00fcrlichen Ort wie Villa Matilde leben zu d\u00fcrfen.<\/p>\n<p>Wir teilen gerne mit den Menschen, die wir erhalten, unsere Lebensweise sowie das Wissen und die Liebe f\u00fcr die Umwelt, in der wir leben. Wir k\u00f6nnten so viel erz\u00e4hlen, aber das Beste ist, dass die Leute kommen und es selbst erleben.<\/p>\n\t\t\t\t\t\t\t\t<\/div>\n\t\t\t\t<\/div>\n\t\t\t\t\t<\/div>\n\t\t<\/div>\n\t\t\t\t<div class=\"elementor-column elementor-col-50 elementor-top-column elementor-element elementor-element-f568783\" data-id=\"f568783\" data-element_type=\"column\" data-e-type=\"column\">\n\t\t\t<div class=\"elementor-widget-wrap elementor-element-populated\">\n\t\t\t\t\t\t<div class=\"elementor-element elementor-element-0508c25 elementor-widget elementor-widget-image\" data-id=\"0508c25\" data-element_type=\"widget\" data-e-type=\"widget\" data-widget_type=\"image.default\">\n\t\t\t\t<div class=\"elementor-widget-container\">\n\t\t\t\t\t\t\t\t\t\t\t\t\t\t\t<img decoding=\"async\" width=\"682\" height=\"1024\" src=\"https:\/\/villamatilde.org\/wp-content\/uploads\/2023\/09\/Familia-682x1024.jpg\" class=\"attachment-large size-large wp-image-5237\" alt=\"\" srcset=\"https:\/\/villamatilde.org\/wp-content\/uploads\/2023\/09\/Familia-682x1024.jpg 682w, https:\/\/villamatilde.org\/wp-content\/uploads\/2023\/09\/Familia-200x300.jpg 200w, https:\/\/villamatilde.org\/wp-content\/uploads\/2023\/09\/Familia-768x1152.jpg 768w, https:\/\/villamatilde.org\/wp-content\/uploads\/2023\/09\/Familia-1024x1536.jpg 1024w, https:\/\/villamatilde.org\/wp-content\/uploads\/2023\/09\/Familia.jpg 1181w\" sizes=\"(max-width: 682px) 100vw, 682px\" \/>\t\t\t\t\t\t\t\t\t\t\t\t\t\t\t<\/div>\n\t\t\t\t<\/div>\n\t\t\t\t\t<\/div>\n\t\t<\/div>\n\t\t\t\t\t<\/div>\n\t\t<\/section>\n\t\t\t\t<\/div>\n\t\t","protected":false},"excerpt":{"rendered":"<p>\u00dcber uns \u201eIch wurde in Zamora geboren. Als ich vier Jahre alt war, wanderten meine Eltern nach Holland aus und ich lebte dort bis 1999. Ich habe \u00dcbersetzung und dann Biologie studiert und als Biologielehrer und politischer Berater f\u00fcr die niederl\u00e4ndische Regierung gearbeitet. In der Villa Matilde biete ich Aktivit\u00e4ten, Kurse und Ausfl\u00fcge zur Umwelterziehung [&hellip;]<\/p>\n","protected":false},"author":3,"featured_media":0,"parent":0,"menu_order":0,"comment_status":"closed","ping_status":"closed","template":"elementor_header_footer","meta":{"footnotes":""},"class_list":["post-5385","page","type-page","status-publish","hentry"],"_links":{"self":[{"href":"https:\/\/villamatilde.org\/de\/wp-json\/wp\/v2\/pages\/5385","targetHints":{"allow":["GET"]}}],"collection":[{"href":"https:\/\/villamatilde.org\/de\/wp-json\/wp\/v2\/pages"}],"about":[{"href":"https:\/\/villamatilde.org\/de\/wp-json\/wp\/v2\/types\/page"}],"author":[{"embeddable":true,"href":"https:\/\/villamatilde.org\/de\/wp-json\/wp\/v2\/users\/3"}],"replies":[{"embeddable":true,"href":"https:\/\/villamatilde.org\/de\/wp-json\/wp\/v2\/comments?post=5385"}],"version-history":[{"count":5,"href":"https:\/\/villamatilde.org\/de\/wp-json\/wp\/v2\/pages\/5385\/revisions"}],"predecessor-version":[{"id":5576,"href":"https:\/\/villamatilde.org\/de\/wp-json\/wp\/v2\/pages\/5385\/revisions\/5576"}],"wp:attachment":[{"href":"https:\/\/villamatilde.org\/de\/wp-json\/wp\/v2\/media?parent=5385"}],"curies":[{"name":"wp","href":"https:\/\/api.w.org\/{rel}","templated":true}]}}