{"id":5353,"date":"2020-03-30T09:16:13","date_gmt":"2020-03-30T09:16:13","guid":{"rendered":"https:\/\/villamatilde.org\/kontakt\/"},"modified":"2024-07-04T17:24:59","modified_gmt":"2024-07-04T17:24:59","slug":"kontakt","status":"publish","type":"page","link":"https:\/\/villamatilde.org\/de\/kontakt\/","title":{"rendered":"Kontakt"},"content":{"rendered":"\t\t<div data-elementor-type=\"wp-page\" data-elementor-id=\"5353\" class=\"elementor elementor-5353 elementor-17\" data-elementor-post-type=\"page\">\n\t\t\t\t\t\t<section class=\"elementor-section elementor-top-section elementor-element elementor-element-e7f301c elementor-section-content-bottom elementor-section-boxed elementor-section-height-default elementor-section-height-default\" data-id=\"e7f301c\" data-element_type=\"section\" data-e-type=\"section\" data-settings=\"{&quot;background_background&quot;:&quot;classic&quot;,&quot;jet_parallax_layout_list&quot;:[]}\">\n\t\t\t\t\t\t\t<div class=\"elementor-background-overlay\"><\/div>\n\t\t\t\t\t\t\t<div class=\"elementor-container elementor-column-gap-no\">\n\t\t\t\t\t<div class=\"elementor-column elementor-col-100 elementor-top-column elementor-element elementor-element-a01062b\" data-id=\"a01062b\" data-element_type=\"column\" data-e-type=\"column\">\n\t\t\t<div class=\"elementor-widget-wrap elementor-element-populated\">\n\t\t\t\t\t\t<div class=\"elementor-element elementor-element-2db166d elementor-widget elementor-widget-spacer\" data-id=\"2db166d\" data-element_type=\"widget\" data-e-type=\"widget\" data-widget_type=\"spacer.default\">\n\t\t\t\t<div class=\"elementor-widget-container\">\n\t\t\t\t\t\t\t<div class=\"elementor-spacer\">\n\t\t\t<div class=\"elementor-spacer-inner\"><\/div>\n\t\t<\/div>\n\t\t\t\t\t\t<\/div>\n\t\t\t\t<\/div>\n\t\t\t\t<div class=\"elementor-element elementor-element-f261b6f elementor-invisible elementor-widget elementor-widget-heading\" data-id=\"f261b6f\" data-element_type=\"widget\" data-e-type=\"widget\" data-settings=\"{&quot;_animation&quot;:&quot;fadeInUp&quot;}\" data-widget_type=\"heading.default\">\n\t\t\t\t<div class=\"elementor-widget-container\">\n\t\t\t\t\t<h1 class=\"elementor-heading-title elementor-size-default\">Kontakt<\/h1>\t\t\t\t<\/div>\n\t\t\t\t<\/div>\n\t\t\t\t<div class=\"elementor-element elementor-element-0adcfc2 elementor-hidden-desktop elementor-hidden-tablet elementor-hidden-mobile elementor-invisible elementor-widget elementor-widget-heading\" data-id=\"0adcfc2\" data-element_type=\"widget\" data-e-type=\"widget\" data-settings=\"{&quot;_animation&quot;:&quot;fadeInUp&quot;}\" data-widget_type=\"heading.default\">\n\t\t\t\t<div class=\"elementor-widget-container\">\n\t\t\t\t\t<h2 class=\"elementor-heading-title elementor-size-default\">Kontakt<\/h2>\t\t\t\t<\/div>\n\t\t\t\t<\/div>\n\t\t\t\t\t<\/div>\n\t\t<\/div>\n\t\t\t\t\t<\/div>\n\t\t<\/section>\n\t\t\t\t<section class=\"elementor-section elementor-top-section elementor-element elementor-element-4db8df62 elementor-section-boxed elementor-section-height-default elementor-section-height-default\" data-id=\"4db8df62\" data-element_type=\"section\" data-e-type=\"section\" data-settings=\"{&quot;jet_parallax_layout_list&quot;:[]}\">\n\t\t\t\t\t\t<div class=\"elementor-container elementor-column-gap-default\">\n\t\t\t\t\t<div class=\"elementor-column elementor-col-50 elementor-top-column elementor-element elementor-element-80cc460\" data-id=\"80cc460\" data-element_type=\"column\" data-e-type=\"column\">\n\t\t\t<div class=\"elementor-widget-wrap elementor-element-populated\">\n\t\t\t\t\t\t<div class=\"elementor-element elementor-element-5f42219 elementor-widget elementor-widget-text-editor\" data-id=\"5f42219\" data-element_type=\"widget\" data-e-type=\"widget\" data-widget_type=\"text-editor.default\">\n\t\t\t\t<div class=\"elementor-widget-container\">\n\t\t\t\t\t\t\t\t\t<p>Wenn Sie etwas wissen m\u00f6chten, z\u00f6gern Sie nicht, uns zu kontaktieren. Wir stehen Ihnen von 8:00 bis 22:00 Uhr zur Verf\u00fcgung, um Ihnen bei Fragen und Bed\u00fcrfnissen weiterzuhelfen.<\/p>\n\t\t\t\t\t\t\t\t<\/div>\n\t\t\t\t<\/div>\n\t\t\t\t<section class=\"elementor-section elementor-inner-section elementor-element elementor-element-67a7d1ce elementor-section-boxed elementor-section-height-default elementor-section-height-default\" data-id=\"67a7d1ce\" data-element_type=\"section\" data-e-type=\"section\" data-settings=\"{&quot;jet_parallax_layout_list&quot;:[]}\">\n\t\t\t\t\t\t<div class=\"elementor-container elementor-column-gap-default\">\n\t\t\t\t\t<div class=\"elementor-column elementor-col-50 elementor-inner-column elementor-element elementor-element-1d2a26d1\" data-id=\"1d2a26d1\" data-element_type=\"column\" data-e-type=\"column\">\n\t\t\t<div class=\"elementor-widget-wrap elementor-element-populated\">\n\t\t\t\t\t\t<div class=\"elementor-element elementor-element-427d1e25 elementor-widget elementor-widget-heading\" data-id=\"427d1e25\" data-element_type=\"widget\" data-e-type=\"widget\" data-widget_type=\"heading.default\">\n\t\t\t\t<div class=\"elementor-widget-container\">\n\t\t\t\t\t<div class=\"elementor-heading-title elementor-size-default\">Adresse<\/div>\t\t\t\t<\/div>\n\t\t\t\t<\/div>\n\t\t\t\t<div class=\"elementor-element elementor-element-55fbeac2 elementor-widget elementor-widget-text-editor\" data-id=\"55fbeac2\" data-element_type=\"widget\" data-e-type=\"widget\" data-widget_type=\"text-editor.default\">\n\t\t\t\t<div class=\"elementor-widget-container\">\n\t\t\t\t\t\t\t\t\t<p><strong>Villa Matilde <\/strong><br \/>Vi\u00f1as de Pe\u00f1allana 302<br \/>Carretera Embalse de Jandula km 3<br \/>And\u00fajar (Ja\u00e9n)<br \/>Spanien<\/p>\n\t\t\t\t\t\t\t\t<\/div>\n\t\t\t\t<\/div>\n\t\t\t\t\t<\/div>\n\t\t<\/div>\n\t\t\t\t<div class=\"elementor-column elementor-col-50 elementor-inner-column elementor-element elementor-element-526e509f\" data-id=\"526e509f\" data-element_type=\"column\" data-e-type=\"column\">\n\t\t\t<div class=\"elementor-widget-wrap elementor-element-populated\">\n\t\t\t\t\t\t<div class=\"elementor-element elementor-element-3e8f2712 elementor-widget elementor-widget-heading\" data-id=\"3e8f2712\" data-element_type=\"widget\" data-e-type=\"widget\" data-widget_type=\"heading.default\">\n\t\t\t\t<div class=\"elementor-widget-container\">\n\t\t\t\t\t<div class=\"elementor-heading-title elementor-size-default\">Schneller Kontakt<\/div>\t\t\t\t<\/div>\n\t\t\t\t<\/div>\n\t\t\t\t<div class=\"elementor-element elementor-element-0092a65 elementor-icon-list--layout-traditional elementor-list-item-link-full_width elementor-widget elementor-widget-icon-list\" data-id=\"0092a65\" data-element_type=\"widget\" data-e-type=\"widget\" data-widget_type=\"icon-list.default\">\n\t\t\t\t<div class=\"elementor-widget-container\">\n\t\t\t\t\t\t\t<ul class=\"elementor-icon-list-items\">\n\t\t\t\t\t\t\t<li class=\"elementor-icon-list-item\">\n\t\t\t\t\t\t\t\t\t\t\t<a href=\"tel:+34618329980\">\n\n\t\t\t\t\t\t\t\t\t\t\t\t<span class=\"elementor-icon-list-icon\">\n\t\t\t\t\t\t\t<i aria-hidden=\"true\" class=\"fas fa-mobile-alt\"><\/i>\t\t\t\t\t\t<\/span>\n\t\t\t\t\t\t\t\t\t\t<span class=\"elementor-icon-list-text\">+34 618 329980<\/span>\n\t\t\t\t\t\t\t\t\t\t\t<\/a>\n\t\t\t\t\t\t\t\t\t<\/li>\n\t\t\t\t\t\t<\/ul>\n\t\t\t\t\t\t<\/div>\n\t\t\t\t<\/div>\n\t\t\t\t<div class=\"elementor-element elementor-element-4c163b2 elementor-widget elementor-widget-heading\" data-id=\"4c163b2\" data-element_type=\"widget\" data-e-type=\"widget\" data-widget_type=\"heading.default\">\n\t\t\t\t<div class=\"elementor-widget-container\">\n\t\t\t\t\t<div class=\"elementor-heading-title elementor-size-default\">Email<\/div>\t\t\t\t<\/div>\n\t\t\t\t<\/div>\n\t\t\t\t<div class=\"elementor-element elementor-element-7e7c24b8 elementor-widget elementor-widget-text-editor\" data-id=\"7e7c24b8\" data-element_type=\"widget\" data-e-type=\"widget\" data-widget_type=\"text-editor.default\">\n\t\t\t\t<div class=\"elementor-widget-container\">\n\t\t\t\t\t\t\t\t\t<p><a href=\"mailto:villamatilde@villamatilde.org\" rel=\"nofollow\"><u>villamatilde@villamatilde.org<\/u><\/a> <\/p>\n\t\t\t\t\t\t\t\t<\/div>\n\t\t\t\t<\/div>\n\t\t\t\t\t<\/div>\n\t\t<\/div>\n\t\t\t\t\t<\/div>\n\t\t<\/section>\n\t\t\t\t<section class=\"elementor-section elementor-inner-section elementor-element elementor-element-197e98e7 elementor-section-boxed elementor-section-height-default elementor-section-height-default\" data-id=\"197e98e7\" data-element_type=\"section\" data-e-type=\"section\" data-settings=\"{&quot;jet_parallax_layout_list&quot;:[]}\">\n\t\t\t\t\t\t<div class=\"elementor-container elementor-column-gap-default\">\n\t\t\t\t\t<div class=\"elementor-column elementor-col-100 elementor-inner-column elementor-element elementor-element-1af404df\" data-id=\"1af404df\" data-element_type=\"column\" data-e-type=\"column\">\n\t\t\t<div class=\"elementor-widget-wrap elementor-element-populated\">\n\t\t\t\t\t\t<div class=\"elementor-element elementor-element-4d190811 elementor-widget elementor-widget-heading\" data-id=\"4d190811\" data-element_type=\"widget\" data-e-type=\"widget\" data-widget_type=\"heading.default\">\n\t\t\t\t<div class=\"elementor-widget-container\">\n\t\t\t\t\t<div class=\"elementor-heading-title elementor-size-default\">folgen Sie uns<\/div>\t\t\t\t<\/div>\n\t\t\t\t<\/div>\n\t\t\t\t<div class=\"elementor-element elementor-element-79a13725 elementor-shape-square e-grid-align-left elementor-grid-0 elementor-widget elementor-widget-social-icons\" data-id=\"79a13725\" data-element_type=\"widget\" data-e-type=\"widget\" data-widget_type=\"social-icons.default\">\n\t\t\t\t<div class=\"elementor-widget-container\">\n\t\t\t\t\t\t\t<div class=\"elementor-social-icons-wrapper elementor-grid\">\n\t\t\t\t\t\t\t<span class=\"elementor-grid-item\">\n\t\t\t\t\t<a class=\"elementor-icon elementor-social-icon elementor-social-icon-facebook-f elementor-animation-grow elementor-repeater-item-2d0da0c\" target=\"_blank\">\n\t\t\t\t\t\t<span class=\"elementor-screen-only\">Facebook-f<\/span>\n\t\t\t\t\t\t<i aria-hidden=\"true\" class=\"fab fa-facebook-f\"><\/i>\t\t\t\t\t<\/a>\n\t\t\t\t<\/span>\n\t\t\t\t\t<\/div>\n\t\t\t\t\t\t<\/div>\n\t\t\t\t<\/div>\n\t\t\t\t<div class=\"elementor-element elementor-element-e8f767c elementor-widget elementor-widget-shortcode\" data-id=\"e8f767c\" data-element_type=\"widget\" data-e-type=\"widget\" data-widget_type=\"shortcode.default\">\n\t\t\t\t<div class=\"elementor-widget-container\">\n\t\t\t\t\t\t\t<div class=\"elementor-shortcode\"><script>var WIYCW_i18n = {\"week_days\":[\"mon.\",\"tue.\",\"wed.\",\"thu.\",\"fri.\",\"sat.\",\"sun.\"],\"today\":\"today\",\"tomorrow\":\"tmrw.\"}<\/script><div class='WIYCW-shortcode'><div class='WIYCW-wrapper ' style='font-size:15px;color:#000000; background-color:#ffffff; border: solid 1px #ffffff' data-version='1.1.41' data-path='https:\/\/villamatilde.org\/wp-content\/plugins\/weather-in-any-city-widget' data-lang='de' data-cityid='59820' data-city='Ja\u00e9n' data-units='c' data-today='on' data-nowicon='on' data-nowtemp='on' data-nowhumidity='on' data-nowwind='on' data-nowsunrise='off' data-timeformat='universal' data-nowpressure='on' data-nowcloudiness='on' data-days='4' data-layout='horizontal' data-wind='off' data-rain='off' data-rainchance='on' data-forecasticon='on' data-temp='on' data-weathericonscolor='color' data-iconscolor='dark' data-backgroundcolor='#ffffff' data-textcolor='#000000' data-shadow='off' data-url='https:\/\/villamatilde.org\/wp-admin\/admin-ajax.php' data-version='1.1.41' data-action='WIYCW_get_weather' data-nonce='5cc48f8982' data-bordercolor='#ffffff'><div class='WIYCW-header'>Ja\u00e9n<\/div><div class='WIYCW-content'><div class='WIYCW-now'><div class='WIYCW-now-row1'><div class='WIYCW-now-icon'><img alt='Current weather' style='visibility:hidden; width: 70px; height: 70px;'><\/div><div class='WIYCW-now-temp'>-\u00ba<\/div><\/div><div class='WIYCW-now-row-info'><div class='WIYCW-now-row-info-col'><img alt='Humidity'class='WIYCW-item-icon WIYCW-icon-dark' src='https:\/\/villamatilde.org\/wp-content\/plugins\/weather-in-any-city-widget\/resources\/icons\/ui-icons\/dew-point.svg' style='width: 11px; height: 11px;'>-<\/div><div class='WIYCW-now-row-info-col'><img alt='Wind direction' class='WIYCW-item-icon WIYCW-icon-dark' src='https:\/\/villamatilde.org\/wp-content\/plugins\/weather-in-any-city-widget\/resources\/icons\/ui-icons\/arrow.svg' style='width: 11px; height: 11px;transform: rotate(0deg)'>-<\/div><div class='WIYCW-now-row-info-col'><img alt='Pressure' class='WIYCW-item-icon WIYCW-icon-dark' src='https:\/\/villamatilde.org\/wp-content\/plugins\/weather-in-any-city-widget\/resources\/icons\/ui-icons\/pressure.svg' style='width: 11px; height: 11px;'>-<\/div><div class='WIYCW-now-row-info-col'><img alt='Cloudiness'class='WIYCW-item-icon WIYCW-icon-dark' src='https:\/\/villamatilde.org\/wp-content\/plugins\/weather-in-any-city-widget\/resources\/icons\/ui-icons\/clouds.svg' style='width: 11px; height: 11px;'>-<\/div><\/div><\/div><div class='WIYCW-forecast WIYCW-forecast-horizontal'><div class='WIYCW-forecast-row'><div class='WIYCW-forecast-date WIYCW-col-1'>-<\/div><div class='WIYCW-forecast-temp WIYCW-col-1'>-<\/div><div class='WIYCW-forecast-icon WIYCW-col-1'><img alt='Forecast' style='visibility:hidden; width: 30px; height: 30px;'><\/div><div class='WIYCW-forecast-pop WIYCW-col-1'><img alt='Rain chance' class='WIYCW-item-icon WIYCW-icon-dark' src='https:\/\/villamatilde.org\/wp-content\/plugins\/weather-in-any-city-widget\/resources\/icons\/ui-icons\/umbrella.svg' style='width: 11px; height: 11px;'>-<\/div><\/div><div class='WIYCW-forecast-row'><div class='WIYCW-forecast-date WIYCW-col-1'>-<\/div><div class='WIYCW-forecast-temp WIYCW-col-1'>-<\/div><div class='WIYCW-forecast-icon WIYCW-col-1'><img alt='Forecast' style='visibility:hidden; width: 30px; height: 30px;'><\/div><div class='WIYCW-forecast-pop WIYCW-col-1'><img alt='Rain chance' class='WIYCW-item-icon WIYCW-icon-dark' src='https:\/\/villamatilde.org\/wp-content\/plugins\/weather-in-any-city-widget\/resources\/icons\/ui-icons\/umbrella.svg' style='width: 11px; height: 11px;'>-<\/div><\/div><div class='WIYCW-forecast-row'><div class='WIYCW-forecast-date WIYCW-col-1'>-<\/div><div class='WIYCW-forecast-temp WIYCW-col-1'>-<\/div><div class='WIYCW-forecast-icon WIYCW-col-1'><img alt='Forecast' style='visibility:hidden; width: 30px; height: 30px;'><\/div><div class='WIYCW-forecast-pop WIYCW-col-1'><img alt='Rain chance' class='WIYCW-item-icon WIYCW-icon-dark' src='https:\/\/villamatilde.org\/wp-content\/plugins\/weather-in-any-city-widget\/resources\/icons\/ui-icons\/umbrella.svg' style='width: 11px; height: 11px;'>-<\/div><\/div><div class='WIYCW-forecast-row'><div class='WIYCW-forecast-date WIYCW-col-1'>-<\/div><div class='WIYCW-forecast-temp WIYCW-col-1'>-<\/div><div class='WIYCW-forecast-icon WIYCW-col-1'><img alt='Forecast' style='visibility:hidden; width: 30px; height: 30px;'><\/div><div class='WIYCW-forecast-pop WIYCW-col-1'><img alt='Rain chance' class='WIYCW-item-icon WIYCW-icon-dark' src='https:\/\/villamatilde.org\/wp-content\/plugins\/weather-in-any-city-widget\/resources\/icons\/ui-icons\/umbrella.svg' style='width: 11px; height: 11px;'>-<\/div><\/div><\/div><\/div><div class='WIYCW-footer'><a class=\"WIYCW-credit\" style=\"text-decoration: none; color:#000000\" href=\"https:\/\/weatherin.org\" rel=\"nofollow noopener\" target=\"_blank\">Weather<\/a> by weatherin.org<\/div><\/div><\/div>\n\n<\/div>\n\t\t\t\t\t\t<\/div>\n\t\t\t\t<\/div>\n\t\t\t\t\t<\/div>\n\t\t<\/div>\n\t\t\t\t\t<\/div>\n\t\t<\/section>\n\t\t\t\t\t<\/div>\n\t\t<\/div>\n\t\t\t\t<div class=\"elementor-column elementor-col-50 elementor-top-column elementor-element elementor-element-15fc26e\" data-id=\"15fc26e\" data-element_type=\"column\" data-e-type=\"column\">\n\t\t\t<div class=\"elementor-widget-wrap elementor-element-populated\">\n\t\t\t\t\t\t<div class=\"elementor-element elementor-element-d3c2877 elementor-widget elementor-widget-image\" data-id=\"d3c2877\" data-element_type=\"widget\" data-e-type=\"widget\" data-widget_type=\"image.default\">\n\t\t\t\t<div class=\"elementor-widget-container\">\n\t\t\t\t\t\t\t\t\t\t\t\t\t\t\t<img fetchpriority=\"high\" decoding=\"async\" width=\"800\" height=\"600\" src=\"https:\/\/villamatilde.org\/wp-content\/uploads\/2023\/09\/lince.jpg\" class=\"attachment-large size-large wp-image-5317\" alt=\"Contacto casa rural\" srcset=\"https:\/\/villamatilde.org\/wp-content\/uploads\/2023\/09\/lince.jpg 800w, https:\/\/villamatilde.org\/wp-content\/uploads\/2023\/09\/lince-300x225.jpg 300w, https:\/\/villamatilde.org\/wp-content\/uploads\/2023\/09\/lince-400x300.jpg 400w, https:\/\/villamatilde.org\/wp-content\/uploads\/2023\/09\/lince-768x576.jpg 768w\" sizes=\"(max-width: 800px) 100vw, 800px\" \/>\t\t\t\t\t\t\t\t\t\t\t\t\t\t\t<\/div>\n\t\t\t\t<\/div>\n\t\t\t\t\t<\/div>\n\t\t<\/div>\n\t\t\t\t\t<\/div>\n\t\t<\/section>\n\t\t\t\t<section class=\"elementor-section elementor-top-section elementor-element elementor-element-2f7857b elementor-section-full_width elementor-section-height-default elementor-section-height-default\" data-id=\"2f7857b\" data-element_type=\"section\" data-e-type=\"section\" data-settings=\"{&quot;jet_parallax_layout_list&quot;:[]}\">\n\t\t\t\t\t\t<div class=\"elementor-container elementor-column-gap-default\">\n\t\t\t\t\t<div class=\"elementor-column elementor-col-100 elementor-top-column elementor-element elementor-element-5e63900\" data-id=\"5e63900\" data-element_type=\"column\" data-e-type=\"column\">\n\t\t\t<div class=\"elementor-widget-wrap elementor-element-populated\">\n\t\t\t\t\t\t<div class=\"elementor-element elementor-element-875e2e3 elementor-widget elementor-widget-google_maps\" data-id=\"875e2e3\" data-element_type=\"widget\" data-e-type=\"widget\" data-widget_type=\"google_maps.default\">\n\t\t\t\t<div class=\"elementor-widget-container\">\n\t\t\t\t\t\t\t<div class=\"elementor-custom-embed\">\n\t\t\t<iframe loading=\"lazy\"\n\t\t\t\t\tsrc=\"https:\/\/maps.google.com\/maps?q=Villa%20Matilde%20Casas%20de%20El%20Encinarejo%2C%20Spain&#038;t=m&#038;z=17&#038;output=embed&#038;iwloc=near\"\n\t\t\t\t\ttitle=\"Villa Matilde Casas de El Encinarejo, Spain\"\n\t\t\t\t\taria-label=\"Villa Matilde Casas de El Encinarejo, Spain\"\n\t\t\t><\/iframe>\n\t\t<\/div>\n\t\t\t\t\t\t<\/div>\n\t\t\t\t<\/div>\n\t\t\t\t\t<\/div>\n\t\t<\/div>\n\t\t\t\t\t<\/div>\n\t\t<\/section>\n\t\t\t\t<\/div>\n\t\t","protected":false},"excerpt":{"rendered":"<p>Kontakt Kontakt Wenn Sie etwas wissen m\u00f6chten, z\u00f6gern Sie nicht, uns zu kontaktieren. Wir stehen Ihnen von 8:00 bis 22:00 Uhr zur Verf\u00fcgung, um Ihnen bei Fragen und Bed\u00fcrfnissen weiterzuhelfen. Adresse Villa Matilde Vi\u00f1as de Pe\u00f1allana 302Carretera Embalse de Jandula km 3And\u00fajar (Ja\u00e9n)Spanien Schneller Kontakt +34 618 329980 Email villamatilde@villamatilde.org folgen Sie uns Facebook-f<\/p>\n","protected":false},"author":3,"featured_media":0,"parent":0,"menu_order":0,"comment_status":"closed","ping_status":"closed","template":"elementor_header_footer","meta":{"footnotes":""},"class_list":["post-5353","page","type-page","status-publish","hentry"],"_links":{"self":[{"href":"https:\/\/villamatilde.org\/de\/wp-json\/wp\/v2\/pages\/5353","targetHints":{"allow":["GET"]}}],"collection":[{"href":"https:\/\/villamatilde.org\/de\/wp-json\/wp\/v2\/pages"}],"about":[{"href":"https:\/\/villamatilde.org\/de\/wp-json\/wp\/v2\/types\/page"}],"author":[{"embeddable":true,"href":"https:\/\/villamatilde.org\/de\/wp-json\/wp\/v2\/users\/3"}],"replies":[{"embeddable":true,"href":"https:\/\/villamatilde.org\/de\/wp-json\/wp\/v2\/comments?post=5353"}],"version-history":[{"count":7,"href":"https:\/\/villamatilde.org\/de\/wp-json\/wp\/v2\/pages\/5353\/revisions"}],"predecessor-version":[{"id":5816,"href":"https:\/\/villamatilde.org\/de\/wp-json\/wp\/v2\/pages\/5353\/revisions\/5816"}],"wp:attachment":[{"href":"https:\/\/villamatilde.org\/de\/wp-json\/wp\/v2\/media?parent=5353"}],"curies":[{"name":"wp","href":"https:\/\/api.w.org\/{rel}","templated":true}]}}