{"id":5345,"date":"2023-06-29T23:42:31","date_gmt":"2023-06-29T23:42:31","guid":{"rendered":"https:\/\/villamatilde.org\/hebergement\/"},"modified":"2024-01-07T08:18:57","modified_gmt":"2024-01-07T08:18:57","slug":"unterkunft","status":"publish","type":"page","link":"https:\/\/villamatilde.org\/de\/unterkunft\/","title":{"rendered":"Unterkunft"},"content":{"rendered":"\t\t<div data-elementor-type=\"wp-page\" data-elementor-id=\"5345\" class=\"elementor elementor-5345 elementor-3839\" data-elementor-post-type=\"page\">\n\t\t\t\t\t\t<section class=\"elementor-section elementor-top-section elementor-element elementor-element-71f574b elementor-section-content-bottom elementor-section-boxed elementor-section-height-default elementor-section-height-default\" data-id=\"71f574b\" data-element_type=\"section\" data-e-type=\"section\" data-settings=\"{&quot;background_background&quot;:&quot;classic&quot;,&quot;jet_parallax_layout_list&quot;:[]}\">\n\t\t\t\t\t\t\t<div class=\"elementor-background-overlay\"><\/div>\n\t\t\t\t\t\t\t<div class=\"elementor-container elementor-column-gap-no\">\n\t\t\t\t\t<div class=\"elementor-column elementor-col-100 elementor-top-column elementor-element elementor-element-68ccb87\" data-id=\"68ccb87\" data-element_type=\"column\" data-e-type=\"column\">\n\t\t\t<div class=\"elementor-widget-wrap elementor-element-populated\">\n\t\t\t\t\t\t<div class=\"elementor-element elementor-element-2673507 elementor-widget elementor-widget-spacer\" data-id=\"2673507\" data-element_type=\"widget\" data-e-type=\"widget\" data-widget_type=\"spacer.default\">\n\t\t\t\t<div class=\"elementor-widget-container\">\n\t\t\t\t\t\t\t<div class=\"elementor-spacer\">\n\t\t\t<div class=\"elementor-spacer-inner\"><\/div>\n\t\t<\/div>\n\t\t\t\t\t\t<\/div>\n\t\t\t\t<\/div>\n\t\t\t\t<div class=\"elementor-element elementor-element-b62a81f elementor-invisible elementor-widget elementor-widget-heading\" data-id=\"b62a81f\" data-element_type=\"widget\" data-e-type=\"widget\" data-settings=\"{&quot;_animation&quot;:&quot;fadeInUp&quot;}\" data-widget_type=\"heading.default\">\n\t\t\t\t<div class=\"elementor-widget-container\">\n\t\t\t\t\t<h1 class=\"elementor-heading-title elementor-size-default\">UNTERKUNFT\n<\/h1>\t\t\t\t<\/div>\n\t\t\t\t<\/div>\n\t\t\t\t\t<\/div>\n\t\t<\/div>\n\t\t\t\t\t<\/div>\n\t\t<\/section>\n\t\t\t\t<section class=\"elementor-section elementor-top-section elementor-element elementor-element-1521cef elementor-section-boxed elementor-section-height-default elementor-section-height-default\" data-id=\"1521cef\" data-element_type=\"section\" data-e-type=\"section\" data-settings=\"{&quot;jet_parallax_layout_list&quot;:[]}\">\n\t\t\t\t\t\t<div class=\"elementor-container elementor-column-gap-default\">\n\t\t\t\t\t<div class=\"elementor-column elementor-col-50 elementor-top-column elementor-element elementor-element-66f2595\" data-id=\"66f2595\" data-element_type=\"column\" data-e-type=\"column\" data-settings=\"{&quot;background_background&quot;:&quot;classic&quot;}\">\n\t\t\t<div class=\"elementor-widget-wrap elementor-element-populated\">\n\t\t\t\t\t\t<div class=\"elementor-element elementor-element-7e3cf81 elementor-widget elementor-widget-heading\" data-id=\"7e3cf81\" data-element_type=\"widget\" data-e-type=\"widget\" data-widget_type=\"heading.default\">\n\t\t\t\t<div class=\"elementor-widget-container\">\n\t\t\t\t\t<h2 class=\"elementor-heading-title elementor-size-default\">Bed und Breakfast Villa Matilde<\/h2>\t\t\t\t<\/div>\n\t\t\t\t<\/div>\n\t\t\t\t<div class=\"elementor-element elementor-element-60732cf elementor-widget elementor-widget-text-editor\" data-id=\"60732cf\" data-element_type=\"widget\" data-e-type=\"widget\" data-widget_type=\"text-editor.default\">\n\t\t\t\t<div class=\"elementor-widget-container\">\n\t\t\t\t\t\t\t\t\t<p>Das Haus ist von einem 3 Hektar gro\u00dfen Grundst\u00fcck mit alten Pinien, Eichen und einheimischen Bergstr\u00e4uchern umgeben. Es ist ein Privileg, aufzuwachen, die T\u00fcr zu \u00f6ffnen und direkt in die Natur zu gehen.<\/p><p>Es gibt mehrere Terrassen und einen Schwimmbad, wo man in den Sommermonaten Erfrischung finden kann. F\u00fcr Menschen mit k\u00f6rperlichen Behinderungen gibt es eine Rampe, um bequem ins Haus zu gelangen.<\/p><p>Im Haus vermieten wir zimmerweise. Es gibt ein gemeinschaftliches Wohn-\/Esszimmer mit einem Holzofen, in dem Sie entspannen, lesen und mit anderen G\u00e4sten plaudern k\u00f6nnen und in dem wir Fr\u00fchst\u00fcck und Abendessen servieren. Wir k\u00f6nnen auch eine Lunchpaket f\u00fcr Sie vorbereiten, falls Sie den ganzen Tag in den Bergen unterwegs sind.<\/p>\t\t\t\t\t\t\t\t<\/div>\n\t\t\t\t<\/div>\n\t\t\t\t\t<\/div>\n\t\t<\/div>\n\t\t\t\t<div class=\"elementor-column elementor-col-50 elementor-top-column elementor-element elementor-element-5584dc9\" data-id=\"5584dc9\" data-element_type=\"column\" data-e-type=\"column\" data-settings=\"{&quot;background_background&quot;:&quot;classic&quot;}\">\n\t\t\t<div class=\"elementor-widget-wrap elementor-element-populated\">\n\t\t\t\t\t\t\t<\/div>\n\t\t<\/div>\n\t\t\t\t\t<\/div>\n\t\t<\/section>\n\t\t\t\t<section class=\"elementor-section elementor-top-section elementor-element elementor-element-6e49f67 elementor-section-boxed elementor-section-height-default elementor-section-height-default\" data-id=\"6e49f67\" data-element_type=\"section\" data-e-type=\"section\" data-settings=\"{&quot;jet_parallax_layout_list&quot;:[]}\">\n\t\t\t\t\t\t<div class=\"elementor-container elementor-column-gap-default\">\n\t\t\t\t\t<div class=\"elementor-column elementor-col-50 elementor-top-column elementor-element elementor-element-ea22d25\" data-id=\"ea22d25\" data-element_type=\"column\" data-e-type=\"column\" data-settings=\"{&quot;background_background&quot;:&quot;classic&quot;}\">\n\t\t\t<div class=\"elementor-widget-wrap elementor-element-populated\">\n\t\t\t\t\t\t<div class=\"elementor-element elementor-element-f2dab4e elementor-widget elementor-widget-spacer\" data-id=\"f2dab4e\" data-element_type=\"widget\" data-e-type=\"widget\" data-widget_type=\"spacer.default\">\n\t\t\t\t<div class=\"elementor-widget-container\">\n\t\t\t\t\t\t\t<div class=\"elementor-spacer\">\n\t\t\t<div class=\"elementor-spacer-inner\"><\/div>\n\t\t<\/div>\n\t\t\t\t\t\t<\/div>\n\t\t\t\t<\/div>\n\t\t\t\t\t<\/div>\n\t\t<\/div>\n\t\t\t\t<div class=\"elementor-column elementor-col-50 elementor-top-column elementor-element elementor-element-44bafcb\" data-id=\"44bafcb\" data-element_type=\"column\" data-e-type=\"column\" data-settings=\"{&quot;background_background&quot;:&quot;classic&quot;}\">\n\t\t\t<div class=\"elementor-widget-wrap elementor-element-populated\">\n\t\t\t\t\t\t<div class=\"elementor-element elementor-element-6c47c3e elementor-widget elementor-widget-heading\" data-id=\"6c47c3e\" data-element_type=\"widget\" data-e-type=\"widget\" data-widget_type=\"heading.default\">\n\t\t\t\t<div class=\"elementor-widget-container\">\n\t\t\t\t\t<h2 class=\"elementor-heading-title elementor-size-default\">Die R\u00e4ume<\/h2>\t\t\t\t<\/div>\n\t\t\t\t<\/div>\n\t\t\t\t<div class=\"elementor-element elementor-element-de7ee75 elementor-widget elementor-widget-text-editor\" data-id=\"de7ee75\" data-element_type=\"widget\" data-e-type=\"widget\" data-widget_type=\"text-editor.default\">\n\t\t\t\t<div class=\"elementor-widget-container\">\n\t\t\t\t\t\t\t\t\t<p>Es gibt 6 Einzel-, Doppel- und Dreibettzimmer, jedes mit eigenem Badezimmer und Heizung.<\/p><p>Jeder von ihnen hat einen Namen, der von einer Pflanze aus der Region inspiriert ist: Steineiche, Zistrose, Myrte, Rosmarin, Schopflavendel und Erdbeerbaum.<\/p><p>Die Zimmer sind rustikal und gem\u00fctlich mit Holzm\u00f6beln und warmen Farben eingerichtet. Alle verf\u00fcgen \u00fcber einen Au\u00dfenblick, von dem aus Sie die Naturlandschaft rund um die Villa Matilde betrachten k\u00f6nnen.<\/p><p>Die Betten sind bequem, mit Baumwollbettw\u00e4sche und Bettdecken. Die Badezimmer sind mit Toilette, Dusche, Waschbecken und Handt\u00fcchern ausgestattet. Au\u00dferdem stehen Ihnen in jedem Zimmer ein Kleiderschrank, ein kleiner Tisch, ein Stuhl und eine Lampe zur Verf\u00fcgung.<\/p><p>Einer der R\u00e4ume ist f\u00fcr Rollstuhlfahrer geeignet.<\/p>\t\t\t\t\t\t\t\t<\/div>\n\t\t\t\t<\/div>\n\t\t\t\t\t<\/div>\n\t\t<\/div>\n\t\t\t\t\t<\/div>\n\t\t<\/section>\n\t\t\t\t<section class=\"elementor-section elementor-top-section elementor-element elementor-element-afb79b2 elementor-section-boxed elementor-section-height-default elementor-section-height-default\" data-id=\"afb79b2\" data-element_type=\"section\" data-e-type=\"section\" data-settings=\"{&quot;jet_parallax_layout_list&quot;:[],&quot;background_background&quot;:&quot;classic&quot;}\">\n\t\t\t\t\t\t<div class=\"elementor-container elementor-column-gap-default\">\n\t\t\t\t\t<div class=\"elementor-column elementor-col-100 elementor-top-column elementor-element elementor-element-995e65f\" data-id=\"995e65f\" data-element_type=\"column\" data-e-type=\"column\">\n\t\t\t<div class=\"elementor-widget-wrap elementor-element-populated\">\n\t\t\t\t\t\t<div class=\"elementor-element elementor-element-75e3168 elementor-widget elementor-widget-heading\" data-id=\"75e3168\" data-element_type=\"widget\" data-e-type=\"widget\" data-widget_type=\"heading.default\">\n\t\t\t\t<div class=\"elementor-widget-container\">\n\t\t\t\t\t<h2 class=\"elementor-heading-title elementor-size-default\">Villa Matilde bietet auch<\/h2>\t\t\t\t<\/div>\n\t\t\t\t<\/div>\n\t\t\t\t<div class=\"elementor-element elementor-element-679fdd1 elementor-widget elementor-widget-text-editor\" data-id=\"679fdd1\" data-element_type=\"widget\" data-e-type=\"widget\" data-widget_type=\"text-editor.default\">\n\t\t\t\t<div class=\"elementor-widget-container\">\n\t\t\t\t\t\t\t\t\t<p>Es ist m\u00f6glich, Ihren eigenen Kurs in der Villa Matilde zu organisieren. Auf Wunsch erstellen wir Ihnen ein ma\u00dfgeschneidertes Angebot, abh\u00e4ngig von der Aufenthaltsdauer und der Teilnehmerzahl<\/p>\t\t\t\t\t\t\t\t<\/div>\n\t\t\t\t<\/div>\n\t\t\t\t\t<\/div>\n\t\t<\/div>\n\t\t\t\t\t<\/div>\n\t\t<\/section>\n\t\t\t\t<\/div>\n\t\t","protected":false},"excerpt":{"rendered":"<p>UNTERKUNFT Bed und Breakfast Villa Matilde Das Haus ist von einem 3 Hektar gro\u00dfen Grundst\u00fcck mit alten Pinien, Eichen und einheimischen Bergstr\u00e4uchern umgeben. Es ist ein Privileg, aufzuwachen, die T\u00fcr zu \u00f6ffnen und direkt in die Natur zu gehen. Es gibt mehrere Terrassen und einen Schwimmbad, wo man in den Sommermonaten Erfrischung finden kann. F\u00fcr [&hellip;]<\/p>\n","protected":false},"author":3,"featured_media":0,"parent":0,"menu_order":0,"comment_status":"closed","ping_status":"closed","template":"elementor_header_footer","meta":{"footnotes":""},"class_list":["post-5345","page","type-page","status-publish","hentry"],"_links":{"self":[{"href":"https:\/\/villamatilde.org\/de\/wp-json\/wp\/v2\/pages\/5345","targetHints":{"allow":["GET"]}}],"collection":[{"href":"https:\/\/villamatilde.org\/de\/wp-json\/wp\/v2\/pages"}],"about":[{"href":"https:\/\/villamatilde.org\/de\/wp-json\/wp\/v2\/types\/page"}],"author":[{"embeddable":true,"href":"https:\/\/villamatilde.org\/de\/wp-json\/wp\/v2\/users\/3"}],"replies":[{"embeddable":true,"href":"https:\/\/villamatilde.org\/de\/wp-json\/wp\/v2\/comments?post=5345"}],"version-history":[{"count":8,"href":"https:\/\/villamatilde.org\/de\/wp-json\/wp\/v2\/pages\/5345\/revisions"}],"predecessor-version":[{"id":5578,"href":"https:\/\/villamatilde.org\/de\/wp-json\/wp\/v2\/pages\/5345\/revisions\/5578"}],"wp:attachment":[{"href":"https:\/\/villamatilde.org\/de\/wp-json\/wp\/v2\/media?parent=5345"}],"curies":[{"name":"wp","href":"https:\/\/api.w.org\/{rel}","templated":true}]}}