{"id":5339,"date":"2023-06-29T23:25:11","date_gmt":"2023-06-29T23:25:11","guid":{"rendered":"https:\/\/villamatilde.org\/aktivitaeten\/"},"modified":"2024-01-07T08:08:37","modified_gmt":"2024-01-07T08:08:37","slug":"aktivitaeten","status":"publish","type":"page","link":"https:\/\/villamatilde.org\/de\/aktivitaeten\/","title":{"rendered":"Aktivit\u00e4ten"},"content":{"rendered":"\t\t<div data-elementor-type=\"wp-page\" data-elementor-id=\"5339\" class=\"elementor elementor-5339 elementor-3813\" data-elementor-post-type=\"page\">\n\t\t\t\t\t\t<section class=\"elementor-section elementor-top-section elementor-element elementor-element-f1cd86a elementor-section-content-bottom elementor-section-boxed elementor-section-height-default elementor-section-height-default\" data-id=\"f1cd86a\" data-element_type=\"section\" data-e-type=\"section\" data-settings=\"{&quot;background_background&quot;:&quot;classic&quot;,&quot;jet_parallax_layout_list&quot;:[]}\">\n\t\t\t\t\t\t\t<div class=\"elementor-background-overlay\"><\/div>\n\t\t\t\t\t\t\t<div class=\"elementor-container elementor-column-gap-no\">\n\t\t\t\t\t<div class=\"elementor-column elementor-col-100 elementor-top-column elementor-element elementor-element-e18fae1\" data-id=\"e18fae1\" data-element_type=\"column\" data-e-type=\"column\">\n\t\t\t<div class=\"elementor-widget-wrap elementor-element-populated\">\n\t\t\t\t\t\t<div class=\"elementor-element elementor-element-8510c92 elementor-widget elementor-widget-spacer\" data-id=\"8510c92\" data-element_type=\"widget\" data-e-type=\"widget\" data-widget_type=\"spacer.default\">\n\t\t\t\t<div class=\"elementor-widget-container\">\n\t\t\t\t\t\t\t<div class=\"elementor-spacer\">\n\t\t\t<div class=\"elementor-spacer-inner\"><\/div>\n\t\t<\/div>\n\t\t\t\t\t\t<\/div>\n\t\t\t\t<\/div>\n\t\t\t\t<div class=\"elementor-element elementor-element-894b37d elementor-invisible elementor-widget elementor-widget-heading\" data-id=\"894b37d\" data-element_type=\"widget\" data-e-type=\"widget\" data-settings=\"{&quot;_animation&quot;:&quot;fadeInUp&quot;}\" data-widget_type=\"heading.default\">\n\t\t\t\t<div class=\"elementor-widget-container\">\n\t\t\t\t\t<h1 class=\"elementor-heading-title elementor-size-default\">Aktivit\u00e4ten<\/h1>\t\t\t\t<\/div>\n\t\t\t\t<\/div>\n\t\t\t\t\t<\/div>\n\t\t<\/div>\n\t\t\t\t\t<\/div>\n\t\t<\/section>\n\t\t\t\t<section class=\"elementor-section elementor-top-section elementor-element elementor-element-d858761 elementor-section-boxed elementor-section-height-default elementor-section-height-default\" data-id=\"d858761\" data-element_type=\"section\" data-e-type=\"section\" data-settings=\"{&quot;jet_parallax_layout_list&quot;:[]}\">\n\t\t\t\t\t\t<div class=\"elementor-container elementor-column-gap-default\">\n\t\t\t\t\t<div class=\"elementor-column elementor-col-50 elementor-top-column elementor-element elementor-element-766385e\" data-id=\"766385e\" data-element_type=\"column\" data-e-type=\"column\" data-settings=\"{&quot;background_background&quot;:&quot;classic&quot;}\">\n\t\t\t<div class=\"elementor-widget-wrap elementor-element-populated\">\n\t\t\t\t\t\t<div class=\"elementor-element elementor-element-06cbb15 elementor-widget elementor-widget-heading\" data-id=\"06cbb15\" data-element_type=\"widget\" data-e-type=\"widget\" data-widget_type=\"heading.default\">\n\t\t\t\t<div class=\"elementor-widget-container\">\n\t\t\t\t\t<h2 class=\"elementor-heading-title elementor-size-default\">Natur- und Bildungszentrum <\/h2>\t\t\t\t<\/div>\n\t\t\t\t<\/div>\n\t\t\t\t<div class=\"elementor-element elementor-element-6455cc2 elementor-widget elementor-widget-text-editor\" data-id=\"6455cc2\" data-element_type=\"widget\" data-e-type=\"widget\" data-widget_type=\"text-editor.default\">\n\t\t\t\t<div class=\"elementor-widget-container\">\n\t\t\t\t\t\t\t\t\t<p>F\u00fcr Gruppen organiseren wir die Aktivit\u00e4ten in der Natur. Wir bieten Routen durch den Naturpark Sierra de And\u00fajar an und es gibt mehrere Workshops.<\/p><p>\u00a0Unser vorrangiges Ziel ist es eine Haltung des Naturschutzes und der Bewunderung f\u00fcr die Natur in einem Rahmen eines respektvollen und unterst\u00fctzenden Zusammenlebens zu f\u00f6rdern.<\/p><p>\u00a0<\/p><p>Wir haben ein Umweltbildungsprogramm f\u00fcr Schulen entwickelt. Das Programm richtet sich an Sch\u00fcler der Grund- und Sekundarstufe. Schulen f\u00fchren eint\u00e4gige Besuche durch. Die Sch\u00fcler erkunden zu Fu\u00df interessante Gebiete der Sierra de And\u00fajar und nehmen an Workshops und Lernspielen teil. Jede Schulgruppe hat die M\u00f6glichkeit zwischen verschiedenen Aktivit\u00e4tsprogrammen zu w\u00e4hlen.<\/p>\t\t\t\t\t\t\t\t<\/div>\n\t\t\t\t<\/div>\n\t\t\t\t\t<\/div>\n\t\t<\/div>\n\t\t\t\t<div class=\"elementor-column elementor-col-50 elementor-top-column elementor-element elementor-element-c06ceb4\" data-id=\"c06ceb4\" data-element_type=\"column\" data-e-type=\"column\" data-settings=\"{&quot;background_background&quot;:&quot;classic&quot;}\">\n\t\t\t<div class=\"elementor-widget-wrap elementor-element-populated\">\n\t\t\t\t\t\t\t<\/div>\n\t\t<\/div>\n\t\t\t\t\t<\/div>\n\t\t<\/section>\n\t\t\t\t<section class=\"elementor-section elementor-top-section elementor-element elementor-element-2f4a0fc elementor-section-boxed elementor-section-height-default elementor-section-height-default\" data-id=\"2f4a0fc\" data-element_type=\"section\" data-e-type=\"section\" data-settings=\"{&quot;jet_parallax_layout_list&quot;:[]}\">\n\t\t\t\t\t\t<div class=\"elementor-container elementor-column-gap-default\">\n\t\t\t\t\t<div class=\"elementor-column elementor-col-100 elementor-top-column elementor-element elementor-element-d997fdc\" data-id=\"d997fdc\" data-element_type=\"column\" data-e-type=\"column\">\n\t\t\t<div class=\"elementor-widget-wrap elementor-element-populated\">\n\t\t\t\t\t\t<div class=\"elementor-element elementor-element-16db067 elementor-widget elementor-widget-text-editor\" data-id=\"16db067\" data-element_type=\"widget\" data-e-type=\"widget\" data-widget_type=\"text-editor.default\">\n\t\t\t\t<div class=\"elementor-widget-container\">\n\t\t\t\t\t\t\t\t\t<p>F\u00fcr weitere Informationen senden Sie uns eine E-Mail an <a href=\"mailto:villamtilde@villamatilde.org\"><u>villamtilde@villamatilde.org<\/u><\/a><\/p>\n\t\t\t\t\t\t\t\t<\/div>\n\t\t\t\t<\/div>\n\t\t\t\t\t<\/div>\n\t\t<\/div>\n\t\t\t\t\t<\/div>\n\t\t<\/section>\n\t\t\t\t<section class=\"elementor-section elementor-top-section elementor-element elementor-element-ab64aad elementor-section-boxed elementor-section-height-default elementor-section-height-default\" data-id=\"ab64aad\" data-element_type=\"section\" data-e-type=\"section\" data-settings=\"{&quot;jet_parallax_layout_list&quot;:[],&quot;background_background&quot;:&quot;classic&quot;}\">\n\t\t\t\t\t\t<div class=\"elementor-container elementor-column-gap-default\">\n\t\t\t\t\t<div class=\"elementor-column elementor-col-100 elementor-top-column elementor-element elementor-element-9382a32\" data-id=\"9382a32\" data-element_type=\"column\" data-e-type=\"column\">\n\t\t\t<div class=\"elementor-widget-wrap elementor-element-populated\">\n\t\t\t\t\t\t<div class=\"elementor-element elementor-element-4a56653 elementor-widget elementor-widget-heading\" data-id=\"4a56653\" data-element_type=\"widget\" data-e-type=\"widget\" data-widget_type=\"heading.default\">\n\t\t\t\t<div class=\"elementor-widget-container\">\n\t\t\t\t\t<h2 class=\"elementor-heading-title elementor-size-default\">Villa Matilde bietet auch <\/h2>\t\t\t\t<\/div>\n\t\t\t\t<\/div>\n\t\t\t\t<div class=\"elementor-element elementor-element-10e3809 elementor-widget elementor-widget-text-editor\" data-id=\"10e3809\" data-element_type=\"widget\" data-e-type=\"widget\" data-widget_type=\"text-editor.default\">\n\t\t\t\t<div class=\"elementor-widget-container\">\n\t\t\t\t\t\t\t\t\t<p>Kurse wie vegetarisches Essen, Yoga, Massage, Heilpflanzen, Naturkosmetik, Biogarten und Imkerei.<\/p><p>Wir organisieren auch Freiwilligenprojekte im Umweltbereich im Naturpark Sierra de And\u00fajar<\/p>\t\t\t\t\t\t\t\t<\/div>\n\t\t\t\t<\/div>\n\t\t\t\t\t<\/div>\n\t\t<\/div>\n\t\t\t\t\t<\/div>\n\t\t<\/section>\n\t\t\t\t<section class=\"elementor-section elementor-top-section elementor-element elementor-element-62599e8 elementor-section-boxed elementor-section-height-default elementor-section-height-default\" data-id=\"62599e8\" data-element_type=\"section\" data-e-type=\"section\" data-settings=\"{&quot;jet_parallax_layout_list&quot;:[]}\">\n\t\t\t\t\t\t<div class=\"elementor-container elementor-column-gap-default\">\n\t\t\t\t\t<div class=\"elementor-column elementor-col-50 elementor-top-column elementor-element elementor-element-34cdcb2\" data-id=\"34cdcb2\" data-element_type=\"column\" data-e-type=\"column\">\n\t\t\t<div class=\"elementor-widget-wrap elementor-element-populated\">\n\t\t\t\t\t\t<div class=\"elementor-element elementor-element-b6a6af1 elementor-position-top elementor-widget elementor-widget-image-box\" data-id=\"b6a6af1\" data-element_type=\"widget\" data-e-type=\"widget\" data-widget_type=\"image-box.default\">\n\t\t\t\t<div class=\"elementor-widget-container\">\n\t\t\t\t\t<div class=\"elementor-image-box-wrapper\"><figure class=\"elementor-image-box-img\"><img fetchpriority=\"high\" decoding=\"async\" width=\"800\" height=\"600\" src=\"https:\/\/villamatilde.org\/wp-content\/uploads\/2023\/09\/cosmetica.jpg\" class=\"attachment-full size-full wp-image-4087\" alt=\"\" srcset=\"https:\/\/villamatilde.org\/wp-content\/uploads\/2023\/09\/cosmetica.jpg 800w, https:\/\/villamatilde.org\/wp-content\/uploads\/2023\/09\/cosmetica-300x225.jpg 300w, https:\/\/villamatilde.org\/wp-content\/uploads\/2023\/09\/cosmetica-400x300.jpg 400w, https:\/\/villamatilde.org\/wp-content\/uploads\/2023\/09\/cosmetica-768x576.jpg 768w\" sizes=\"(max-width: 800px) 100vw, 800px\" \/><\/figure><div class=\"elementor-image-box-content\"><h3 class=\"elementor-image-box-title\">Kurse zu Naturkosmetik und Heilpflanzen<\/h3><p class=\"elementor-image-box-description\">Der Kurs ist \u00fcberwiegend praktisch ausgerichtet. Wir machen einen Ausflug ins Gr\u00fcne, um verschiedene Aroma- und Heilpflanzen in ihrer nat\u00fcrlichen Umgebung kennenzulernen. Wir werden \u00fcber traditionelle Verwendungen, Anbau, Umwandlung von Pflanzen, Haut und die Substanzen sprechen, die zur Herstellung von Naturprodukten verwendet werden.\nIn diesem Kurs stellen wir Cremes, \u00d6le, ein Feuchtigkeitsgel und einen Hustensaft her.\n<\/p><\/div><\/div>\t\t\t\t<\/div>\n\t\t\t\t<\/div>\n\t\t\t\t\t<\/div>\n\t\t<\/div>\n\t\t\t\t<div class=\"elementor-column elementor-col-50 elementor-top-column elementor-element elementor-element-e183053\" data-id=\"e183053\" data-element_type=\"column\" data-e-type=\"column\">\n\t\t\t<div class=\"elementor-widget-wrap elementor-element-populated\">\n\t\t\t\t\t\t<div class=\"elementor-element elementor-element-ba41944 elementor-position-top elementor-widget elementor-widget-image-box\" data-id=\"ba41944\" data-element_type=\"widget\" data-e-type=\"widget\" data-widget_type=\"image-box.default\">\n\t\t\t\t<div class=\"elementor-widget-container\">\n\t\t\t\t\t<div class=\"elementor-image-box-wrapper\"><figure class=\"elementor-image-box-img\"><img decoding=\"async\" width=\"800\" height=\"600\" src=\"https:\/\/villamatilde.org\/wp-content\/uploads\/2023\/09\/majano-para-conejos.jpg\" class=\"attachment-full size-full wp-image-4088\" alt=\"actividades rurales\" srcset=\"https:\/\/villamatilde.org\/wp-content\/uploads\/2023\/09\/majano-para-conejos.jpg 800w, https:\/\/villamatilde.org\/wp-content\/uploads\/2023\/09\/majano-para-conejos-300x225.jpg 300w, https:\/\/villamatilde.org\/wp-content\/uploads\/2023\/09\/majano-para-conejos-400x300.jpg 400w, https:\/\/villamatilde.org\/wp-content\/uploads\/2023\/09\/majano-para-conejos-768x576.jpg 768w\" sizes=\"(max-width: 800px) 100vw, 800px\" \/><\/figure><div class=\"elementor-image-box-content\"><h3 class=\"elementor-image-box-title\">Freiwilligenprojekte<\/h3><p class=\"elementor-image-box-description\">Als Natur- und Bildungszentrum organisieren wir Freiwilligenprojekte in Zusammenarbeit mit dem Naturpark Sierra de And\u00fajar und dem Verein Camino Sierra Morena. Ein Beispiel daf\u00fcr ist die Kampagne \"Santuario Natural\", die wir 2006 gestartet haben. Die Kampagne f\u00f6rdert die sinnvolle Nutzung des Naturraums des Naturparks durch Besucher der Wallfahrt der Virgen de la Cabeza, die am letzten Aprilwochenende stattfindet.\nWir schulen die Freiwilligen in Naturschutzaktivit\u00e4ten und Kommunikationstechniken\n<\/p><\/div><\/div>\t\t\t\t<\/div>\n\t\t\t\t<\/div>\n\t\t\t\t\t<\/div>\n\t\t<\/div>\n\t\t\t\t\t<\/div>\n\t\t<\/section>\n\t\t\t\t<\/div>\n\t\t","protected":false},"excerpt":{"rendered":"<p>Aktivit\u00e4ten Natur- und Bildungszentrum F\u00fcr Gruppen organiseren wir die Aktivit\u00e4ten in der Natur. Wir bieten Routen durch den Naturpark Sierra de And\u00fajar an und es gibt mehrere Workshops. \u00a0Unser vorrangiges Ziel ist es eine Haltung des Naturschutzes und der Bewunderung f\u00fcr die Natur in einem Rahmen eines respektvollen und unterst\u00fctzenden Zusammenlebens zu f\u00f6rdern. \u00a0 Wir [&hellip;]<\/p>\n","protected":false},"author":3,"featured_media":0,"parent":0,"menu_order":0,"comment_status":"closed","ping_status":"closed","template":"elementor_header_footer","meta":{"footnotes":""},"class_list":["post-5339","page","type-page","status-publish","hentry"],"_links":{"self":[{"href":"https:\/\/villamatilde.org\/de\/wp-json\/wp\/v2\/pages\/5339","targetHints":{"allow":["GET"]}}],"collection":[{"href":"https:\/\/villamatilde.org\/de\/wp-json\/wp\/v2\/pages"}],"about":[{"href":"https:\/\/villamatilde.org\/de\/wp-json\/wp\/v2\/types\/page"}],"author":[{"embeddable":true,"href":"https:\/\/villamatilde.org\/de\/wp-json\/wp\/v2\/users\/3"}],"replies":[{"embeddable":true,"href":"https:\/\/villamatilde.org\/de\/wp-json\/wp\/v2\/comments?post=5339"}],"version-history":[{"count":6,"href":"https:\/\/villamatilde.org\/de\/wp-json\/wp\/v2\/pages\/5339\/revisions"}],"predecessor-version":[{"id":5563,"href":"https:\/\/villamatilde.org\/de\/wp-json\/wp\/v2\/pages\/5339\/revisions\/5563"}],"wp:attachment":[{"href":"https:\/\/villamatilde.org\/de\/wp-json\/wp\/v2\/media?parent=5339"}],"curies":[{"name":"wp","href":"https:\/\/api.w.org\/{rel}","templated":true}]}}